{"id":75,"date":"2019-05-29T15:47:25","date_gmt":"2019-05-29T13:47:25","guid":{"rendered":"http:\/\/dev.fahrschule-am-sonnfeld.de\/neu\/?page_id=75"},"modified":"2019-06-30T06:15:42","modified_gmt":"2019-06-30T04:15:42","slug":"b96","status":"publish","type":"page","link":"https:\/\/www.fahrschule-am-sonnfeld.de\/?page_id=75","title":{"rendered":"Klasse B96"},"content":{"rendered":"\n<p>Zugfahrzeug der<strong> Klasse B<\/strong> in <strong>Kombination<\/strong> mit einem Anh\u00e4nger mit<\/p>\n\n\n\n<ul class=\"wp-block-list\"><li>zul\u00e4ssigem Gesamtgewicht des Anh\u00e4ngers von mehr als 750 kg und<\/li><li>zul\u00e4ssigem Gesamtgewicht der Fahrzeugkombination von mehr als 3.500 kg und nicht mehr als 4.250 kg<\/li><\/ul>\n\n\n\n<p>Hier handelt es sich um keine eigene F\u00fchrerscheinklasse. Sie ist der Klasse B untergeordnet.<\/p>\n\n\n\n<p>Es ist weder eine theoretische noch eine praktische Pr\u00fcfung vorgesehen.<\/p>\n\n\n\n<div class=\"wp-block-columns has-2-columns is-layout-flex wp-container-core-columns-is-layout-9d6595d7 wp-block-columns-is-layout-flex\">\n<div class=\"wp-block-column is-layout-flow wp-block-column-is-layout-flow\">\n<figure class=\"wp-block-image\"><img loading=\"lazy\" decoding=\"async\" width=\"1024\" height=\"682\" src=\"http:\/\/dev.fahrschule-am-sonnfeld.de\/neu\/wp-content\/uploads\/2019\/06\/IMG_3511-mit-H\u00c4ngerf\u00fcr-HP-1024x682.jpg\" alt=\"\" class=\"wp-image-479\" srcset=\"https:\/\/www.fahrschule-am-sonnfeld.de\/wp-content\/uploads\/2019\/06\/IMG_3511-mit-H\u00c4ngerf\u00fcr-HP-1024x682.jpg 1024w, https:\/\/www.fahrschule-am-sonnfeld.de\/wp-content\/uploads\/2019\/06\/IMG_3511-mit-H\u00c4ngerf\u00fcr-HP-300x200.jpg 300w, https:\/\/www.fahrschule-am-sonnfeld.de\/wp-content\/uploads\/2019\/06\/IMG_3511-mit-H\u00c4ngerf\u00fcr-HP-768x512.jpg 768w, https:\/\/www.fahrschule-am-sonnfeld.de\/wp-content\/uploads\/2019\/06\/IMG_3511-mit-H\u00c4ngerf\u00fcr-HP.jpg 1732w\" sizes=\"auto, (max-width: 1024px) 100vw, 1024px\" \/><\/figure>\n<\/div>\n\n\n\n<div class=\"wp-block-column is-layout-flow wp-block-column-is-layout-flow\"><\/div>\n<\/div>\n","protected":false},"excerpt":{"rendered":"<p>Zugfahrzeug der Klasse B in Kombination mit einem Anh\u00e4nger mit zul\u00e4ssigem Gesamtgewicht des Anh\u00e4ngers von mehr als 750 kg und zul\u00e4ssigem Gesamtgewicht der Fahrzeugkombination von mehr als 3.500 kg und nicht mehr als 4.250 kg Hier handelt es sich um keine eigene F\u00fchrerscheinklasse. Sie ist der Klasse B untergeordnet. Es ist weder eine theoretische noch [&hellip;]<\/p>\n","protected":false},"author":1,"featured_media":0,"parent":67,"menu_order":2,"comment_status":"closed","ping_status":"closed","template":"","meta":{"footnotes":""},"class_list":["post-75","page","type-page","status-publish","hentry"],"yoast_head":"<!-- This site is optimized with the Yoast SEO plugin v27.2 - https:\/\/yoast.com\/product\/yoast-seo-wordpress\/ -->\n<title>Klasse B96 - Fahrschule Am Sonnfeld<\/title>\n<meta name=\"robots\" content=\"index, follow, max-snippet:-1, max-image-preview:large, max-video-preview:-1\" \/>\n<link rel=\"canonical\" href=\"https:\/\/www.fahrschule-am-sonnfeld.de\/?page_id=75\" \/>\n<meta property=\"og:locale\" content=\"de_DE\" \/>\n<meta property=\"og:type\" content=\"article\" \/>\n<meta property=\"og:title\" content=\"Klasse B96 - Fahrschule Am Sonnfeld\" \/>\n<meta property=\"og:description\" content=\"Zugfahrzeug der Klasse B in Kombination mit einem Anh\u00e4nger mit zul\u00e4ssigem Gesamtgewicht des Anh\u00e4ngers von mehr als 750 kg und zul\u00e4ssigem Gesamtgewicht der Fahrzeugkombination von mehr als 3.500 kg und nicht mehr als 4.250 kg Hier handelt es sich um keine eigene F\u00fchrerscheinklasse. Sie ist der Klasse B untergeordnet. Es ist weder eine theoretische noch [&hellip;]\" \/>\n<meta property=\"og:url\" content=\"https:\/\/www.fahrschule-am-sonnfeld.de\/?page_id=75\" \/>\n<meta property=\"og:site_name\" content=\"Fahrschule Am Sonnfeld\" \/>\n<meta property=\"article:modified_time\" content=\"2019-06-30T04:15:42+00:00\" \/>\n<meta property=\"og:image\" content=\"http:\/\/dev.fahrschule-am-sonnfeld.de\/neu\/wp-content\/uploads\/2019\/06\/IMG_3511-mit-H\u00c4ngerf\u00fcr-HP-1024x682.jpg\" \/>\n<meta name=\"twitter:card\" content=\"summary_large_image\" \/>\n<script type=\"application\/ld+json\" class=\"yoast-schema-graph\">{\"@context\":\"https:\/\/schema.org\",\"@graph\":[{\"@type\":\"WebPage\",\"@id\":\"https:\/\/www.fahrschule-am-sonnfeld.de\/?page_id=75\",\"url\":\"https:\/\/www.fahrschule-am-sonnfeld.de\/?page_id=75\",\"name\":\"Klasse B96 - Fahrschule Am Sonnfeld\",\"isPartOf\":{\"@id\":\"https:\/\/www.fahrschule-am-sonnfeld.de\/#website\"},\"datePublished\":\"2019-05-29T13:47:25+00:00\",\"dateModified\":\"2019-06-30T04:15:42+00:00\",\"breadcrumb\":{\"@id\":\"https:\/\/www.fahrschule-am-sonnfeld.de\/?page_id=75#breadcrumb\"},\"inLanguage\":\"de\",\"potentialAction\":[{\"@type\":\"ReadAction\",\"target\":[\"https:\/\/www.fahrschule-am-sonnfeld.de\/?page_id=75\"]}]},{\"@type\":\"BreadcrumbList\",\"@id\":\"https:\/\/www.fahrschule-am-sonnfeld.de\/?page_id=75#breadcrumb\",\"itemListElement\":[{\"@type\":\"ListItem\",\"position\":1,\"name\":\"Startseite\",\"item\":\"https:\/\/www.fahrschule-am-sonnfeld.de\/\"},{\"@type\":\"ListItem\",\"position\":2,\"name\":\"F\u00fchrerscheinklassen\",\"item\":\"https:\/\/www.fahrschule-am-sonnfeld.de\/?page_id=67\"},{\"@type\":\"ListItem\",\"position\":3,\"name\":\"Klasse B96\"}]},{\"@type\":\"WebSite\",\"@id\":\"https:\/\/www.fahrschule-am-sonnfeld.de\/#website\",\"url\":\"https:\/\/www.fahrschule-am-sonnfeld.de\/\",\"name\":\"Fahrschule Am Sonnfeld\",\"description\":\"\",\"potentialAction\":[{\"@type\":\"SearchAction\",\"target\":{\"@type\":\"EntryPoint\",\"urlTemplate\":\"https:\/\/www.fahrschule-am-sonnfeld.de\/?s={search_term_string}\"},\"query-input\":{\"@type\":\"PropertyValueSpecification\",\"valueRequired\":true,\"valueName\":\"search_term_string\"}}],\"inLanguage\":\"de\"}]}<\/script>\n<!-- \/ Yoast SEO plugin. -->","yoast_head_json":{"title":"Klasse B96 - Fahrschule Am Sonnfeld","robots":{"index":"index","follow":"follow","max-snippet":"max-snippet:-1","max-image-preview":"max-image-preview:large","max-video-preview":"max-video-preview:-1"},"canonical":"https:\/\/www.fahrschule-am-sonnfeld.de\/?page_id=75","og_locale":"de_DE","og_type":"article","og_title":"Klasse B96 - Fahrschule Am Sonnfeld","og_description":"Zugfahrzeug der Klasse B in Kombination mit einem Anh\u00e4nger mit zul\u00e4ssigem Gesamtgewicht des Anh\u00e4ngers von mehr als 750 kg und zul\u00e4ssigem Gesamtgewicht der Fahrzeugkombination von mehr als 3.500 kg und nicht mehr als 4.250 kg Hier handelt es sich um keine eigene F\u00fchrerscheinklasse. Sie ist der Klasse B untergeordnet. Es ist weder eine theoretische noch [&hellip;]","og_url":"https:\/\/www.fahrschule-am-sonnfeld.de\/?page_id=75","og_site_name":"Fahrschule Am Sonnfeld","article_modified_time":"2019-06-30T04:15:42+00:00","og_image":[{"url":"http:\/\/dev.fahrschule-am-sonnfeld.de\/neu\/wp-content\/uploads\/2019\/06\/IMG_3511-mit-H\u00c4ngerf\u00fcr-HP-1024x682.jpg","type":"","width":"","height":""}],"twitter_card":"summary_large_image","schema":{"@context":"https:\/\/schema.org","@graph":[{"@type":"WebPage","@id":"https:\/\/www.fahrschule-am-sonnfeld.de\/?page_id=75","url":"https:\/\/www.fahrschule-am-sonnfeld.de\/?page_id=75","name":"Klasse B96 - Fahrschule Am Sonnfeld","isPartOf":{"@id":"https:\/\/www.fahrschule-am-sonnfeld.de\/#website"},"datePublished":"2019-05-29T13:47:25+00:00","dateModified":"2019-06-30T04:15:42+00:00","breadcrumb":{"@id":"https:\/\/www.fahrschule-am-sonnfeld.de\/?page_id=75#breadcrumb"},"inLanguage":"de","potentialAction":[{"@type":"ReadAction","target":["https:\/\/www.fahrschule-am-sonnfeld.de\/?page_id=75"]}]},{"@type":"BreadcrumbList","@id":"https:\/\/www.fahrschule-am-sonnfeld.de\/?page_id=75#breadcrumb","itemListElement":[{"@type":"ListItem","position":1,"name":"Startseite","item":"https:\/\/www.fahrschule-am-sonnfeld.de\/"},{"@type":"ListItem","position":2,"name":"F\u00fchrerscheinklassen","item":"https:\/\/www.fahrschule-am-sonnfeld.de\/?page_id=67"},{"@type":"ListItem","position":3,"name":"Klasse B96"}]},{"@type":"WebSite","@id":"https:\/\/www.fahrschule-am-sonnfeld.de\/#website","url":"https:\/\/www.fahrschule-am-sonnfeld.de\/","name":"Fahrschule Am Sonnfeld","description":"","potentialAction":[{"@type":"SearchAction","target":{"@type":"EntryPoint","urlTemplate":"https:\/\/www.fahrschule-am-sonnfeld.de\/?s={search_term_string}"},"query-input":{"@type":"PropertyValueSpecification","valueRequired":true,"valueName":"search_term_string"}}],"inLanguage":"de"}]}},"_links":{"self":[{"href":"https:\/\/www.fahrschule-am-sonnfeld.de\/index.php?rest_route=\/wp\/v2\/pages\/75","targetHints":{"allow":["GET"]}}],"collection":[{"href":"https:\/\/www.fahrschule-am-sonnfeld.de\/index.php?rest_route=\/wp\/v2\/pages"}],"about":[{"href":"https:\/\/www.fahrschule-am-sonnfeld.de\/index.php?rest_route=\/wp\/v2\/types\/page"}],"author":[{"embeddable":true,"href":"https:\/\/www.fahrschule-am-sonnfeld.de\/index.php?rest_route=\/wp\/v2\/users\/1"}],"replies":[{"embeddable":true,"href":"https:\/\/www.fahrschule-am-sonnfeld.de\/index.php?rest_route=%2Fwp%2Fv2%2Fcomments&post=75"}],"version-history":[{"count":5,"href":"https:\/\/www.fahrschule-am-sonnfeld.de\/index.php?rest_route=\/wp\/v2\/pages\/75\/revisions"}],"predecessor-version":[{"id":485,"href":"https:\/\/www.fahrschule-am-sonnfeld.de\/index.php?rest_route=\/wp\/v2\/pages\/75\/revisions\/485"}],"up":[{"embeddable":true,"href":"https:\/\/www.fahrschule-am-sonnfeld.de\/index.php?rest_route=\/wp\/v2\/pages\/67"}],"wp:attachment":[{"href":"https:\/\/www.fahrschule-am-sonnfeld.de\/index.php?rest_route=%2Fwp%2Fv2%2Fmedia&parent=75"}],"curies":[{"name":"wp","href":"https:\/\/api.w.org\/{rel}","templated":true}]}}