{"id":70,"date":"2019-05-29T15:14:57","date_gmt":"2019-05-29T13:14:57","guid":{"rendered":"http:\/\/dev.fahrschule-am-sonnfeld.de\/neu\/?page_id=70"},"modified":"2023-02-13T16:33:17","modified_gmt":"2023-02-13T15:33:17","slug":"b","status":"publish","type":"page","link":"https:\/\/www.fahrschule-am-sonnfeld.de\/?page_id=70","title":{"rendered":"Klasse B\/B197"},"content":{"rendered":"\n<ul class=\"wp-block-list\">\n<li>Kraftfahrzeuge au\u00dfer solche der Klassen AM, A1, A2 und A<\/li>\n\n\n\n<li>mit zul\u00e4ssigem Gesamtgewicht von nicht mehr als 3.500 kg und<\/li>\n\n\n\n<li>gebaut und ausgelegt zur Bef\u00f6rderung von nicht mehr als acht Personen au\u00dfer dem F\u00fchrersitz<\/li>\n<\/ul>\n\n\n\n<p>auch mit Anh\u00e4nger<\/p>\n\n\n\n<ul class=\"wp-block-list\">\n<li>mit einem zul\u00e4ssigem Gesamtgewicht von nicht mehr als 750 kg oder<\/li>\n\n\n\n<li>mit einem zul\u00e4ssigem Gesamtgewicht \u00fcber 750 kg, sofern das zul\u00e4ssige Gesamtgewicht der Kombination 3.500 kg nicht \u00fcbersteigt.<\/li>\n<\/ul>\n\n\n\n<div class=\"wp-block-columns has-2-columns is-layout-flex wp-container-core-columns-is-layout-9d6595d7 wp-block-columns-is-layout-flex\">\n<div class=\"wp-block-column is-layout-flow wp-block-column-is-layout-flow\">\n<figure class=\"wp-block-image size-large\"><img loading=\"lazy\" decoding=\"async\" width=\"1024\" height=\"683\" src=\"https:\/\/www.fahrschule-am-sonnfeld.de\/wp-content\/uploads\/2022\/08\/DSC_0073-1024x683.jpg\" alt=\"\" class=\"wp-image-1422\" srcset=\"https:\/\/www.fahrschule-am-sonnfeld.de\/wp-content\/uploads\/2022\/08\/DSC_0073-1024x683.jpg 1024w, https:\/\/www.fahrschule-am-sonnfeld.de\/wp-content\/uploads\/2022\/08\/DSC_0073-300x200.jpg 300w, https:\/\/www.fahrschule-am-sonnfeld.de\/wp-content\/uploads\/2022\/08\/DSC_0073-768x512.jpg 768w, https:\/\/www.fahrschule-am-sonnfeld.de\/wp-content\/uploads\/2022\/08\/DSC_0073-1536x1024.jpg 1536w, https:\/\/www.fahrschule-am-sonnfeld.de\/wp-content\/uploads\/2022\/08\/DSC_0073-2048x1365.jpg 2048w, https:\/\/www.fahrschule-am-sonnfeld.de\/wp-content\/uploads\/2022\/08\/DSC_0073-272x182.jpg 272w\" sizes=\"auto, (max-width: 1024px) 100vw, 1024px\" \/><\/figure>\n<\/div>\n\n\n\n<div class=\"wp-block-column is-layout-flow wp-block-column-is-layout-flow\">\n<figure class=\"wp-block-image\"><img loading=\"lazy\" decoding=\"async\" width=\"1024\" height=\"682\" src=\"http:\/\/dev.fahrschule-am-sonnfeld.de\/neu\/wp-content\/uploads\/2019\/06\/IMG_3885-Andre-f\u00fcr-HP-1024x682.jpg\" alt=\"\" class=\"wp-image-482\" srcset=\"https:\/\/www.fahrschule-am-sonnfeld.de\/wp-content\/uploads\/2019\/06\/IMG_3885-Andre-f\u00fcr-HP-1024x682.jpg 1024w, https:\/\/www.fahrschule-am-sonnfeld.de\/wp-content\/uploads\/2019\/06\/IMG_3885-Andre-f\u00fcr-HP-300x200.jpg 300w, https:\/\/www.fahrschule-am-sonnfeld.de\/wp-content\/uploads\/2019\/06\/IMG_3885-Andre-f\u00fcr-HP-768x512.jpg 768w, https:\/\/www.fahrschule-am-sonnfeld.de\/wp-content\/uploads\/2019\/06\/IMG_3885-Andre-f\u00fcr-HP.jpg 1732w\" sizes=\"auto, (max-width: 1024px) 100vw, 1024px\" \/><\/figure>\n<\/div>\n<\/div>\n","protected":false},"excerpt":{"rendered":"<p>auch mit Anh\u00e4nger<\/p>\n","protected":false},"author":1,"featured_media":0,"parent":67,"menu_order":1,"comment_status":"closed","ping_status":"closed","template":"","meta":{"footnotes":""},"class_list":["post-70","page","type-page","status-publish","hentry"],"yoast_head":"<!-- This site is optimized with the Yoast SEO plugin v27.2 - https:\/\/yoast.com\/product\/yoast-seo-wordpress\/ -->\n<title>Klasse B\/B197 - Fahrschule Am Sonnfeld<\/title>\n<meta name=\"robots\" content=\"index, follow, max-snippet:-1, max-image-preview:large, max-video-preview:-1\" \/>\n<link rel=\"canonical\" href=\"https:\/\/www.fahrschule-am-sonnfeld.de\/?page_id=70\" \/>\n<meta property=\"og:locale\" content=\"de_DE\" \/>\n<meta property=\"og:type\" content=\"article\" \/>\n<meta property=\"og:title\" content=\"Klasse B\/B197 - Fahrschule Am Sonnfeld\" \/>\n<meta property=\"og:description\" content=\"auch mit Anh\u00e4nger\" \/>\n<meta property=\"og:url\" content=\"https:\/\/www.fahrschule-am-sonnfeld.de\/?page_id=70\" \/>\n<meta property=\"og:site_name\" content=\"Fahrschule Am Sonnfeld\" \/>\n<meta property=\"article:modified_time\" content=\"2023-02-13T15:33:17+00:00\" \/>\n<meta property=\"og:image\" content=\"https:\/\/www.fahrschule-am-sonnfeld.de\/wp-content\/uploads\/2022\/08\/DSC_0073-1024x683.jpg\" \/>\n<meta name=\"twitter:card\" content=\"summary_large_image\" \/>\n<meta name=\"twitter:label1\" content=\"Gesch\u00e4tzte Lesezeit\" \/>\n\t<meta name=\"twitter:data1\" content=\"1\u00a0Minute\" \/>\n<script type=\"application\/ld+json\" class=\"yoast-schema-graph\">{\"@context\":\"https:\/\/schema.org\",\"@graph\":[{\"@type\":\"WebPage\",\"@id\":\"https:\/\/www.fahrschule-am-sonnfeld.de\/?page_id=70\",\"url\":\"https:\/\/www.fahrschule-am-sonnfeld.de\/?page_id=70\",\"name\":\"Klasse B\/B197 - Fahrschule Am Sonnfeld\",\"isPartOf\":{\"@id\":\"https:\/\/www.fahrschule-am-sonnfeld.de\/#website\"},\"primaryImageOfPage\":{\"@id\":\"https:\/\/www.fahrschule-am-sonnfeld.de\/?page_id=70#primaryimage\"},\"image\":{\"@id\":\"https:\/\/www.fahrschule-am-sonnfeld.de\/?page_id=70#primaryimage\"},\"thumbnailUrl\":\"https:\/\/www.fahrschule-am-sonnfeld.de\/wp-content\/uploads\/2022\/08\/DSC_0073-1024x683.jpg\",\"datePublished\":\"2019-05-29T13:14:57+00:00\",\"dateModified\":\"2023-02-13T15:33:17+00:00\",\"breadcrumb\":{\"@id\":\"https:\/\/www.fahrschule-am-sonnfeld.de\/?page_id=70#breadcrumb\"},\"inLanguage\":\"de\",\"potentialAction\":[{\"@type\":\"ReadAction\",\"target\":[\"https:\/\/www.fahrschule-am-sonnfeld.de\/?page_id=70\"]}]},{\"@type\":\"ImageObject\",\"inLanguage\":\"de\",\"@id\":\"https:\/\/www.fahrschule-am-sonnfeld.de\/?page_id=70#primaryimage\",\"url\":\"https:\/\/www.fahrschule-am-sonnfeld.de\/wp-content\/uploads\/2022\/08\/DSC_0073-scaled.jpg\",\"contentUrl\":\"https:\/\/www.fahrschule-am-sonnfeld.de\/wp-content\/uploads\/2022\/08\/DSC_0073-scaled.jpg\",\"width\":2560,\"height\":1707},{\"@type\":\"BreadcrumbList\",\"@id\":\"https:\/\/www.fahrschule-am-sonnfeld.de\/?page_id=70#breadcrumb\",\"itemListElement\":[{\"@type\":\"ListItem\",\"position\":1,\"name\":\"Startseite\",\"item\":\"https:\/\/www.fahrschule-am-sonnfeld.de\/\"},{\"@type\":\"ListItem\",\"position\":2,\"name\":\"F\u00fchrerscheinklassen\",\"item\":\"https:\/\/www.fahrschule-am-sonnfeld.de\/?page_id=67\"},{\"@type\":\"ListItem\",\"position\":3,\"name\":\"Klasse B\/B197\"}]},{\"@type\":\"WebSite\",\"@id\":\"https:\/\/www.fahrschule-am-sonnfeld.de\/#website\",\"url\":\"https:\/\/www.fahrschule-am-sonnfeld.de\/\",\"name\":\"Fahrschule Am Sonnfeld\",\"description\":\"\",\"potentialAction\":[{\"@type\":\"SearchAction\",\"target\":{\"@type\":\"EntryPoint\",\"urlTemplate\":\"https:\/\/www.fahrschule-am-sonnfeld.de\/?s={search_term_string}\"},\"query-input\":{\"@type\":\"PropertyValueSpecification\",\"valueRequired\":true,\"valueName\":\"search_term_string\"}}],\"inLanguage\":\"de\"}]}<\/script>\n<!-- \/ Yoast SEO plugin. -->","yoast_head_json":{"title":"Klasse B\/B197 - Fahrschule Am Sonnfeld","robots":{"index":"index","follow":"follow","max-snippet":"max-snippet:-1","max-image-preview":"max-image-preview:large","max-video-preview":"max-video-preview:-1"},"canonical":"https:\/\/www.fahrschule-am-sonnfeld.de\/?page_id=70","og_locale":"de_DE","og_type":"article","og_title":"Klasse B\/B197 - Fahrschule Am Sonnfeld","og_description":"auch mit Anh\u00e4nger","og_url":"https:\/\/www.fahrschule-am-sonnfeld.de\/?page_id=70","og_site_name":"Fahrschule Am Sonnfeld","article_modified_time":"2023-02-13T15:33:17+00:00","og_image":[{"url":"https:\/\/www.fahrschule-am-sonnfeld.de\/wp-content\/uploads\/2022\/08\/DSC_0073-1024x683.jpg","type":"","width":"","height":""}],"twitter_card":"summary_large_image","twitter_misc":{"Gesch\u00e4tzte Lesezeit":"1\u00a0Minute"},"schema":{"@context":"https:\/\/schema.org","@graph":[{"@type":"WebPage","@id":"https:\/\/www.fahrschule-am-sonnfeld.de\/?page_id=70","url":"https:\/\/www.fahrschule-am-sonnfeld.de\/?page_id=70","name":"Klasse B\/B197 - Fahrschule Am Sonnfeld","isPartOf":{"@id":"https:\/\/www.fahrschule-am-sonnfeld.de\/#website"},"primaryImageOfPage":{"@id":"https:\/\/www.fahrschule-am-sonnfeld.de\/?page_id=70#primaryimage"},"image":{"@id":"https:\/\/www.fahrschule-am-sonnfeld.de\/?page_id=70#primaryimage"},"thumbnailUrl":"https:\/\/www.fahrschule-am-sonnfeld.de\/wp-content\/uploads\/2022\/08\/DSC_0073-1024x683.jpg","datePublished":"2019-05-29T13:14:57+00:00","dateModified":"2023-02-13T15:33:17+00:00","breadcrumb":{"@id":"https:\/\/www.fahrschule-am-sonnfeld.de\/?page_id=70#breadcrumb"},"inLanguage":"de","potentialAction":[{"@type":"ReadAction","target":["https:\/\/www.fahrschule-am-sonnfeld.de\/?page_id=70"]}]},{"@type":"ImageObject","inLanguage":"de","@id":"https:\/\/www.fahrschule-am-sonnfeld.de\/?page_id=70#primaryimage","url":"https:\/\/www.fahrschule-am-sonnfeld.de\/wp-content\/uploads\/2022\/08\/DSC_0073-scaled.jpg","contentUrl":"https:\/\/www.fahrschule-am-sonnfeld.de\/wp-content\/uploads\/2022\/08\/DSC_0073-scaled.jpg","width":2560,"height":1707},{"@type":"BreadcrumbList","@id":"https:\/\/www.fahrschule-am-sonnfeld.de\/?page_id=70#breadcrumb","itemListElement":[{"@type":"ListItem","position":1,"name":"Startseite","item":"https:\/\/www.fahrschule-am-sonnfeld.de\/"},{"@type":"ListItem","position":2,"name":"F\u00fchrerscheinklassen","item":"https:\/\/www.fahrschule-am-sonnfeld.de\/?page_id=67"},{"@type":"ListItem","position":3,"name":"Klasse B\/B197"}]},{"@type":"WebSite","@id":"https:\/\/www.fahrschule-am-sonnfeld.de\/#website","url":"https:\/\/www.fahrschule-am-sonnfeld.de\/","name":"Fahrschule Am Sonnfeld","description":"","potentialAction":[{"@type":"SearchAction","target":{"@type":"EntryPoint","urlTemplate":"https:\/\/www.fahrschule-am-sonnfeld.de\/?s={search_term_string}"},"query-input":{"@type":"PropertyValueSpecification","valueRequired":true,"valueName":"search_term_string"}}],"inLanguage":"de"}]}},"_links":{"self":[{"href":"https:\/\/www.fahrschule-am-sonnfeld.de\/index.php?rest_route=\/wp\/v2\/pages\/70","targetHints":{"allow":["GET"]}}],"collection":[{"href":"https:\/\/www.fahrschule-am-sonnfeld.de\/index.php?rest_route=\/wp\/v2\/pages"}],"about":[{"href":"https:\/\/www.fahrschule-am-sonnfeld.de\/index.php?rest_route=\/wp\/v2\/types\/page"}],"author":[{"embeddable":true,"href":"https:\/\/www.fahrschule-am-sonnfeld.de\/index.php?rest_route=\/wp\/v2\/users\/1"}],"replies":[{"embeddable":true,"href":"https:\/\/www.fahrschule-am-sonnfeld.de\/index.php?rest_route=%2Fwp%2Fv2%2Fcomments&post=70"}],"version-history":[{"count":12,"href":"https:\/\/www.fahrschule-am-sonnfeld.de\/index.php?rest_route=\/wp\/v2\/pages\/70\/revisions"}],"predecessor-version":[{"id":1445,"href":"https:\/\/www.fahrschule-am-sonnfeld.de\/index.php?rest_route=\/wp\/v2\/pages\/70\/revisions\/1445"}],"up":[{"embeddable":true,"href":"https:\/\/www.fahrschule-am-sonnfeld.de\/index.php?rest_route=\/wp\/v2\/pages\/67"}],"wp:attachment":[{"href":"https:\/\/www.fahrschule-am-sonnfeld.de\/index.php?rest_route=%2Fwp%2Fv2%2Fmedia&parent=70"}],"curies":[{"name":"wp","href":"https:\/\/api.w.org\/{rel}","templated":true}]}}