{"id":677,"date":"2019-12-30T18:43:29","date_gmt":"2019-12-30T17:43:29","guid":{"rendered":"https:\/\/www.fahrschule-am-sonnfeld.de\/?page_id=677"},"modified":"2024-01-07T08:26:46","modified_gmt":"2024-01-07T07:26:46","slug":"preise","status":"publish","type":"page","link":"https:\/\/www.fahrschule-am-sonnfeld.de\/?page_id=677","title":{"rendered":"Preise"},"content":{"rendered":"\n<p>Der Gesamtpreis f\u00fcr die vorgeschriebene Mindestanzahl an Theorie- und Praxisstunden  (18&#215;45  Minuten) hierf\u00fcr betr\u00e4gt 799,00 \u20ac.<\/p>\n\n\n\n<figure class=\"wp-block-table\"><table  class=\"has-background table table-hover\"  style=\"background-color:#e9fbe5\"><tbody><tr><td>jede weiter Fahrstunde      <\/td><td class=\"has-text-align-right\" data-align=\"right\">    65,00 \u20ac<\/td><\/tr><\/tbody><\/table><\/figure>\n\n\n\n<p><strong>Beh\u00f6rdengeb\u00fchren:<\/strong><\/p>\n\n\n\n<figure class=\"wp-block-table\"><table  class=\"has-background table table-hover\"  style=\"background-color:#e9fbe5\"><tbody><tr><td>F\u00fchrerscheinbeantragung<\/td><td class=\"has-text-align-right\" data-align=\"right\">43,90 \u20ac<\/td><\/tr><\/tbody><\/table><\/figure>\n","protected":false},"excerpt":{"rendered":"<p>Der Gesamtpreis f\u00fcr die vorgeschriebene Mindestanzahl an Theorie- und Praxisstunden (18&#215;45 Minuten) hierf\u00fcr betr\u00e4gt 799,00 \u20ac. jede weiter Fahrstunde 65,00 \u20ac Beh\u00f6rdengeb\u00fchren: F\u00fchrerscheinbeantragung 43,90 \u20ac<\/p>\n","protected":false},"author":1,"featured_media":0,"parent":667,"menu_order":3,"comment_status":"closed","ping_status":"closed","template":"","meta":{"footnotes":""},"class_list":["post-677","page","type-page","status-publish","hentry"],"yoast_head":"<!-- This site is optimized with the Yoast SEO plugin v27.2 - https:\/\/yoast.com\/product\/yoast-seo-wordpress\/ -->\n<title>Preise - Fahrschule Am Sonnfeld<\/title>\n<meta name=\"robots\" content=\"index, follow, max-snippet:-1, max-image-preview:large, max-video-preview:-1\" \/>\n<link rel=\"canonical\" href=\"https:\/\/www.fahrschule-am-sonnfeld.de\/?page_id=677\" \/>\n<meta property=\"og:locale\" content=\"de_DE\" \/>\n<meta property=\"og:type\" content=\"article\" \/>\n<meta property=\"og:title\" content=\"Preise - Fahrschule Am Sonnfeld\" \/>\n<meta property=\"og:description\" content=\"Der Gesamtpreis f\u00fcr die vorgeschriebene Mindestanzahl an Theorie- und Praxisstunden (18&#215;45 Minuten) hierf\u00fcr betr\u00e4gt 799,00 \u20ac. jede weiter Fahrstunde 65,00 \u20ac Beh\u00f6rdengeb\u00fchren: F\u00fchrerscheinbeantragung 43,90 \u20ac\" \/>\n<meta property=\"og:url\" content=\"https:\/\/www.fahrschule-am-sonnfeld.de\/?page_id=677\" \/>\n<meta property=\"og:site_name\" content=\"Fahrschule Am Sonnfeld\" \/>\n<meta property=\"article:modified_time\" content=\"2024-01-07T07:26:46+00:00\" \/>\n<meta name=\"twitter:card\" content=\"summary_large_image\" \/>\n<meta name=\"twitter:label1\" content=\"Gesch\u00e4tzte Lesezeit\" \/>\n\t<meta name=\"twitter:data1\" content=\"1\u00a0Minute\" \/>\n<script type=\"application\/ld+json\" class=\"yoast-schema-graph\">{\"@context\":\"https:\/\/schema.org\",\"@graph\":[{\"@type\":\"WebPage\",\"@id\":\"https:\/\/www.fahrschule-am-sonnfeld.de\/?page_id=677\",\"url\":\"https:\/\/www.fahrschule-am-sonnfeld.de\/?page_id=677\",\"name\":\"Preise - Fahrschule Am Sonnfeld\",\"isPartOf\":{\"@id\":\"https:\/\/www.fahrschule-am-sonnfeld.de\/#website\"},\"datePublished\":\"2019-12-30T17:43:29+00:00\",\"dateModified\":\"2024-01-07T07:26:46+00:00\",\"breadcrumb\":{\"@id\":\"https:\/\/www.fahrschule-am-sonnfeld.de\/?page_id=677#breadcrumb\"},\"inLanguage\":\"de\",\"potentialAction\":[{\"@type\":\"ReadAction\",\"target\":[\"https:\/\/www.fahrschule-am-sonnfeld.de\/?page_id=677\"]}]},{\"@type\":\"BreadcrumbList\",\"@id\":\"https:\/\/www.fahrschule-am-sonnfeld.de\/?page_id=677#breadcrumb\",\"itemListElement\":[{\"@type\":\"ListItem\",\"position\":1,\"name\":\"Startseite\",\"item\":\"https:\/\/www.fahrschule-am-sonnfeld.de\/\"},{\"@type\":\"ListItem\",\"position\":2,\"name\":\"F\u00fchrerscheinklassen\",\"item\":\"https:\/\/www.fahrschule-am-sonnfeld.de\/?page_id=67\"},{\"@type\":\"ListItem\",\"position\":3,\"name\":\"Klasse B196\",\"item\":\"https:\/\/www.fahrschule-am-sonnfeld.de\/?page_id=667\"},{\"@type\":\"ListItem\",\"position\":4,\"name\":\"Preise\"}]},{\"@type\":\"WebSite\",\"@id\":\"https:\/\/www.fahrschule-am-sonnfeld.de\/#website\",\"url\":\"https:\/\/www.fahrschule-am-sonnfeld.de\/\",\"name\":\"Fahrschule Am Sonnfeld\",\"description\":\"\",\"potentialAction\":[{\"@type\":\"SearchAction\",\"target\":{\"@type\":\"EntryPoint\",\"urlTemplate\":\"https:\/\/www.fahrschule-am-sonnfeld.de\/?s={search_term_string}\"},\"query-input\":{\"@type\":\"PropertyValueSpecification\",\"valueRequired\":true,\"valueName\":\"search_term_string\"}}],\"inLanguage\":\"de\"}]}<\/script>\n<!-- \/ Yoast SEO plugin. -->","yoast_head_json":{"title":"Preise - Fahrschule Am Sonnfeld","robots":{"index":"index","follow":"follow","max-snippet":"max-snippet:-1","max-image-preview":"max-image-preview:large","max-video-preview":"max-video-preview:-1"},"canonical":"https:\/\/www.fahrschule-am-sonnfeld.de\/?page_id=677","og_locale":"de_DE","og_type":"article","og_title":"Preise - Fahrschule Am Sonnfeld","og_description":"Der Gesamtpreis f\u00fcr die vorgeschriebene Mindestanzahl an Theorie- und Praxisstunden (18&#215;45 Minuten) hierf\u00fcr betr\u00e4gt 799,00 \u20ac. jede weiter Fahrstunde 65,00 \u20ac Beh\u00f6rdengeb\u00fchren: F\u00fchrerscheinbeantragung 43,90 \u20ac","og_url":"https:\/\/www.fahrschule-am-sonnfeld.de\/?page_id=677","og_site_name":"Fahrschule Am Sonnfeld","article_modified_time":"2024-01-07T07:26:46+00:00","twitter_card":"summary_large_image","twitter_misc":{"Gesch\u00e4tzte Lesezeit":"1\u00a0Minute"},"schema":{"@context":"https:\/\/schema.org","@graph":[{"@type":"WebPage","@id":"https:\/\/www.fahrschule-am-sonnfeld.de\/?page_id=677","url":"https:\/\/www.fahrschule-am-sonnfeld.de\/?page_id=677","name":"Preise - Fahrschule Am Sonnfeld","isPartOf":{"@id":"https:\/\/www.fahrschule-am-sonnfeld.de\/#website"},"datePublished":"2019-12-30T17:43:29+00:00","dateModified":"2024-01-07T07:26:46+00:00","breadcrumb":{"@id":"https:\/\/www.fahrschule-am-sonnfeld.de\/?page_id=677#breadcrumb"},"inLanguage":"de","potentialAction":[{"@type":"ReadAction","target":["https:\/\/www.fahrschule-am-sonnfeld.de\/?page_id=677"]}]},{"@type":"BreadcrumbList","@id":"https:\/\/www.fahrschule-am-sonnfeld.de\/?page_id=677#breadcrumb","itemListElement":[{"@type":"ListItem","position":1,"name":"Startseite","item":"https:\/\/www.fahrschule-am-sonnfeld.de\/"},{"@type":"ListItem","position":2,"name":"F\u00fchrerscheinklassen","item":"https:\/\/www.fahrschule-am-sonnfeld.de\/?page_id=67"},{"@type":"ListItem","position":3,"name":"Klasse B196","item":"https:\/\/www.fahrschule-am-sonnfeld.de\/?page_id=667"},{"@type":"ListItem","position":4,"name":"Preise"}]},{"@type":"WebSite","@id":"https:\/\/www.fahrschule-am-sonnfeld.de\/#website","url":"https:\/\/www.fahrschule-am-sonnfeld.de\/","name":"Fahrschule Am Sonnfeld","description":"","potentialAction":[{"@type":"SearchAction","target":{"@type":"EntryPoint","urlTemplate":"https:\/\/www.fahrschule-am-sonnfeld.de\/?s={search_term_string}"},"query-input":{"@type":"PropertyValueSpecification","valueRequired":true,"valueName":"search_term_string"}}],"inLanguage":"de"}]}},"_links":{"self":[{"href":"https:\/\/www.fahrschule-am-sonnfeld.de\/index.php?rest_route=\/wp\/v2\/pages\/677","targetHints":{"allow":["GET"]}}],"collection":[{"href":"https:\/\/www.fahrschule-am-sonnfeld.de\/index.php?rest_route=\/wp\/v2\/pages"}],"about":[{"href":"https:\/\/www.fahrschule-am-sonnfeld.de\/index.php?rest_route=\/wp\/v2\/types\/page"}],"author":[{"embeddable":true,"href":"https:\/\/www.fahrschule-am-sonnfeld.de\/index.php?rest_route=\/wp\/v2\/users\/1"}],"replies":[{"embeddable":true,"href":"https:\/\/www.fahrschule-am-sonnfeld.de\/index.php?rest_route=%2Fwp%2Fv2%2Fcomments&post=677"}],"version-history":[{"count":13,"href":"https:\/\/www.fahrschule-am-sonnfeld.de\/index.php?rest_route=\/wp\/v2\/pages\/677\/revisions"}],"predecessor-version":[{"id":1522,"href":"https:\/\/www.fahrschule-am-sonnfeld.de\/index.php?rest_route=\/wp\/v2\/pages\/677\/revisions\/1522"}],"up":[{"embeddable":true,"href":"https:\/\/www.fahrschule-am-sonnfeld.de\/index.php?rest_route=\/wp\/v2\/pages\/667"}],"wp:attachment":[{"href":"https:\/\/www.fahrschule-am-sonnfeld.de\/index.php?rest_route=%2Fwp%2Fv2%2Fmedia&parent=677"}],"curies":[{"name":"wp","href":"https:\/\/api.w.org\/{rel}","templated":true}]}}