{"id":667,"date":"2019-12-30T18:33:08","date_gmt":"2019-12-30T17:33:08","guid":{"rendered":"https:\/\/www.fahrschule-am-sonnfeld.de\/?page_id=667"},"modified":"2020-04-11T09:48:50","modified_gmt":"2020-04-11T07:48:50","slug":"b-196","status":"publish","type":"page","link":"https:\/\/www.fahrschule-am-sonnfeld.de\/?page_id=667","title":{"rendered":"Klasse B196"},"content":{"rendered":"\r\n<p><span style=\"background-color: #ff0000; color: #000000;\">Ab jetzt bei uns auch Schulung auf dem Roller m\u00f6glich!<\/span><\/p>\r\n<p><strong>Kraftr\u00e4der mit<\/strong><\/p>\r\n\r\n\r\n\r\n<ul class=\"wp-block-list\">\r\n<li>Hubraum von nicht mehr als 125 cm\u00b3<\/li>\r\n<li>Motorleistung von nicht mehr als 11kW und<\/li>\r\n<li>Verh\u00e4ltnis der Leistung zum Gewicht max. 0,1 kW\/kg<\/li>\r\n<\/ul>\r\n\r\n\r\n\r\n<p>auch mit Beiwagen<\/p>\r\n\r\n\r\n\r\n<p>Mit dem Eintrag der Schl\u00fcsselzahl wird keine Fahrerlaubnis der Klasse A1 erworben, so dass ein Aufstieg auf die Klasse A2 nach \u00a715 FeV nicht m\u00f6glich ist. Auch d\u00fcrfen mit dieser Berechtigung Leichtkraftr\u00e4der nicht im Ausland gefahren werden.<\/p>\r\n\r\n\r\n\r\n<figure class=\"wp-block-gallery columns-2 is-cropped wp-block-gallery-1 is-layout-flex wp-block-gallery-is-layout-flex\">\r\n<ul class=\"blocks-gallery-grid\">\r\n<li class=\"blocks-gallery-item\">\r\n<figure><img loading=\"lazy\" decoding=\"async\" width=\"1024\" height=\"637\" class=\"wp-image-638\" src=\"https:\/\/www.fahrschule-am-sonnfeld.de\/wp-content\/uploads\/2019\/09\/A1-HP-1024x637.jpg\" alt=\"\" data-id=\"638\" data-full-url=\"https:\/\/www.fahrschule-am-sonnfeld.de\/wp-content\/uploads\/2019\/09\/A1-HP.jpg\" data-link=\"https:\/\/www.fahrschule-am-sonnfeld.de\/?attachment_id=638\" srcset=\"https:\/\/www.fahrschule-am-sonnfeld.de\/wp-content\/uploads\/2019\/09\/A1-HP-1024x637.jpg 1024w, https:\/\/www.fahrschule-am-sonnfeld.de\/wp-content\/uploads\/2019\/09\/A1-HP-300x187.jpg 300w, https:\/\/www.fahrschule-am-sonnfeld.de\/wp-content\/uploads\/2019\/09\/A1-HP-768x478.jpg 768w, https:\/\/www.fahrschule-am-sonnfeld.de\/wp-content\/uploads\/2019\/09\/A1-HP.jpg 1792w\" sizes=\"auto, (max-width: 1024px) 100vw, 1024px\" \/><\/figure>\r\n<\/li>\r\n<li class=\"blocks-gallery-item\">\r\n<figure><img loading=\"lazy\" decoding=\"async\" class=\"alignnone size-medium wp-image-830\" src=\"https:\/\/www.fahrschule-am-sonnfeld.de\/wp-content\/uploads\/2020\/04\/DSC_0608-300x200.jpg\" alt=\"\" width=\"300\" height=\"200\" srcset=\"https:\/\/www.fahrschule-am-sonnfeld.de\/wp-content\/uploads\/2020\/04\/DSC_0608-300x200.jpg 300w, https:\/\/www.fahrschule-am-sonnfeld.de\/wp-content\/uploads\/2020\/04\/DSC_0608-1024x683.jpg 1024w, https:\/\/www.fahrschule-am-sonnfeld.de\/wp-content\/uploads\/2020\/04\/DSC_0608-768x512.jpg 768w, https:\/\/www.fahrschule-am-sonnfeld.de\/wp-content\/uploads\/2020\/04\/DSC_0608-1536x1024.jpg 1536w, https:\/\/www.fahrschule-am-sonnfeld.de\/wp-content\/uploads\/2020\/04\/DSC_0608-2048x1365.jpg 2048w, https:\/\/www.fahrschule-am-sonnfeld.de\/wp-content\/uploads\/2020\/04\/DSC_0608-272x182.jpg 272w\" sizes=\"auto, (max-width: 300px) 100vw, 300px\" \/><\/figure>\r\n<\/li>\r\n<\/ul>\r\n<\/figure>\r\n","protected":false},"excerpt":{"rendered":"<p>Ab jetzt bei uns auch Schulung auf dem Roller m\u00f6glich! Kraftr\u00e4der mit Hubraum von nicht mehr als 125 cm\u00b3 Motorleistung von nicht mehr als 11kW und Verh\u00e4ltnis der Leistung zum Gewicht max. 0,1 kW\/kg auch mit Beiwagen Mit dem Eintrag der Schl\u00fcsselzahl wird keine Fahrerlaubnis der Klasse A1 erworben, so dass ein Aufstieg auf die [&hellip;]<\/p>\n","protected":false},"author":1,"featured_media":0,"parent":67,"menu_order":4,"comment_status":"closed","ping_status":"closed","template":"","meta":{"footnotes":""},"class_list":["post-667","page","type-page","status-publish","hentry"],"yoast_head":"<!-- This site is optimized with the Yoast SEO plugin v27.2 - https:\/\/yoast.com\/product\/yoast-seo-wordpress\/ -->\n<title>Klasse B196 - Fahrschule Am Sonnfeld<\/title>\n<meta name=\"robots\" content=\"index, follow, max-snippet:-1, max-image-preview:large, max-video-preview:-1\" \/>\n<link rel=\"canonical\" href=\"https:\/\/www.fahrschule-am-sonnfeld.de\/?page_id=667\" \/>\n<meta property=\"og:locale\" content=\"de_DE\" \/>\n<meta property=\"og:type\" content=\"article\" \/>\n<meta property=\"og:title\" content=\"Klasse B196 - Fahrschule Am Sonnfeld\" \/>\n<meta property=\"og:description\" content=\"Ab jetzt bei uns auch Schulung auf dem Roller m\u00f6glich! Kraftr\u00e4der mit Hubraum von nicht mehr als 125 cm\u00b3 Motorleistung von nicht mehr als 11kW und Verh\u00e4ltnis der Leistung zum Gewicht max. 0,1 kW\/kg auch mit Beiwagen Mit dem Eintrag der Schl\u00fcsselzahl wird keine Fahrerlaubnis der Klasse A1 erworben, so dass ein Aufstieg auf die [&hellip;]\" \/>\n<meta property=\"og:url\" content=\"https:\/\/www.fahrschule-am-sonnfeld.de\/?page_id=667\" \/>\n<meta property=\"og:site_name\" content=\"Fahrschule Am Sonnfeld\" \/>\n<meta property=\"article:modified_time\" content=\"2020-04-11T07:48:50+00:00\" \/>\n<meta property=\"og:image\" content=\"https:\/\/www.fahrschule-am-sonnfeld.de\/wp-content\/uploads\/2019\/09\/A1-HP-1024x637.jpg\" \/>\n<meta name=\"twitter:card\" content=\"summary_large_image\" \/>\n<script type=\"application\/ld+json\" class=\"yoast-schema-graph\">{\"@context\":\"https:\/\/schema.org\",\"@graph\":[{\"@type\":\"WebPage\",\"@id\":\"https:\/\/www.fahrschule-am-sonnfeld.de\/?page_id=667\",\"url\":\"https:\/\/www.fahrschule-am-sonnfeld.de\/?page_id=667\",\"name\":\"Klasse B196 - Fahrschule Am Sonnfeld\",\"isPartOf\":{\"@id\":\"https:\/\/www.fahrschule-am-sonnfeld.de\/#website\"},\"primaryImageOfPage\":{\"@id\":\"https:\/\/www.fahrschule-am-sonnfeld.de\/?page_id=667#primaryimage\"},\"image\":{\"@id\":\"https:\/\/www.fahrschule-am-sonnfeld.de\/?page_id=667#primaryimage\"},\"thumbnailUrl\":\"https:\/\/www.fahrschule-am-sonnfeld.de\/wp-content\/uploads\/2019\/09\/A1-HP-1024x637.jpg\",\"datePublished\":\"2019-12-30T17:33:08+00:00\",\"dateModified\":\"2020-04-11T07:48:50+00:00\",\"breadcrumb\":{\"@id\":\"https:\/\/www.fahrschule-am-sonnfeld.de\/?page_id=667#breadcrumb\"},\"inLanguage\":\"de\",\"potentialAction\":[{\"@type\":\"ReadAction\",\"target\":[\"https:\/\/www.fahrschule-am-sonnfeld.de\/?page_id=667\"]}]},{\"@type\":\"ImageObject\",\"inLanguage\":\"de\",\"@id\":\"https:\/\/www.fahrschule-am-sonnfeld.de\/?page_id=667#primaryimage\",\"url\":\"https:\/\/www.fahrschule-am-sonnfeld.de\/wp-content\/uploads\/2019\/09\/A1-HP.jpg\",\"contentUrl\":\"https:\/\/www.fahrschule-am-sonnfeld.de\/wp-content\/uploads\/2019\/09\/A1-HP.jpg\",\"width\":1792,\"height\":1115},{\"@type\":\"BreadcrumbList\",\"@id\":\"https:\/\/www.fahrschule-am-sonnfeld.de\/?page_id=667#breadcrumb\",\"itemListElement\":[{\"@type\":\"ListItem\",\"position\":1,\"name\":\"Startseite\",\"item\":\"https:\/\/www.fahrschule-am-sonnfeld.de\/\"},{\"@type\":\"ListItem\",\"position\":2,\"name\":\"F\u00fchrerscheinklassen\",\"item\":\"https:\/\/www.fahrschule-am-sonnfeld.de\/?page_id=67\"},{\"@type\":\"ListItem\",\"position\":3,\"name\":\"Klasse B196\"}]},{\"@type\":\"WebSite\",\"@id\":\"https:\/\/www.fahrschule-am-sonnfeld.de\/#website\",\"url\":\"https:\/\/www.fahrschule-am-sonnfeld.de\/\",\"name\":\"Fahrschule Am Sonnfeld\",\"description\":\"\",\"potentialAction\":[{\"@type\":\"SearchAction\",\"target\":{\"@type\":\"EntryPoint\",\"urlTemplate\":\"https:\/\/www.fahrschule-am-sonnfeld.de\/?s={search_term_string}\"},\"query-input\":{\"@type\":\"PropertyValueSpecification\",\"valueRequired\":true,\"valueName\":\"search_term_string\"}}],\"inLanguage\":\"de\"}]}<\/script>\n<!-- \/ Yoast SEO plugin. -->","yoast_head_json":{"title":"Klasse B196 - Fahrschule Am Sonnfeld","robots":{"index":"index","follow":"follow","max-snippet":"max-snippet:-1","max-image-preview":"max-image-preview:large","max-video-preview":"max-video-preview:-1"},"canonical":"https:\/\/www.fahrschule-am-sonnfeld.de\/?page_id=667","og_locale":"de_DE","og_type":"article","og_title":"Klasse B196 - Fahrschule Am Sonnfeld","og_description":"Ab jetzt bei uns auch Schulung auf dem Roller m\u00f6glich! Kraftr\u00e4der mit Hubraum von nicht mehr als 125 cm\u00b3 Motorleistung von nicht mehr als 11kW und Verh\u00e4ltnis der Leistung zum Gewicht max. 0,1 kW\/kg auch mit Beiwagen Mit dem Eintrag der Schl\u00fcsselzahl wird keine Fahrerlaubnis der Klasse A1 erworben, so dass ein Aufstieg auf die [&hellip;]","og_url":"https:\/\/www.fahrschule-am-sonnfeld.de\/?page_id=667","og_site_name":"Fahrschule Am Sonnfeld","article_modified_time":"2020-04-11T07:48:50+00:00","og_image":[{"url":"https:\/\/www.fahrschule-am-sonnfeld.de\/wp-content\/uploads\/2019\/09\/A1-HP-1024x637.jpg","type":"","width":"","height":""}],"twitter_card":"summary_large_image","schema":{"@context":"https:\/\/schema.org","@graph":[{"@type":"WebPage","@id":"https:\/\/www.fahrschule-am-sonnfeld.de\/?page_id=667","url":"https:\/\/www.fahrschule-am-sonnfeld.de\/?page_id=667","name":"Klasse B196 - Fahrschule Am Sonnfeld","isPartOf":{"@id":"https:\/\/www.fahrschule-am-sonnfeld.de\/#website"},"primaryImageOfPage":{"@id":"https:\/\/www.fahrschule-am-sonnfeld.de\/?page_id=667#primaryimage"},"image":{"@id":"https:\/\/www.fahrschule-am-sonnfeld.de\/?page_id=667#primaryimage"},"thumbnailUrl":"https:\/\/www.fahrschule-am-sonnfeld.de\/wp-content\/uploads\/2019\/09\/A1-HP-1024x637.jpg","datePublished":"2019-12-30T17:33:08+00:00","dateModified":"2020-04-11T07:48:50+00:00","breadcrumb":{"@id":"https:\/\/www.fahrschule-am-sonnfeld.de\/?page_id=667#breadcrumb"},"inLanguage":"de","potentialAction":[{"@type":"ReadAction","target":["https:\/\/www.fahrschule-am-sonnfeld.de\/?page_id=667"]}]},{"@type":"ImageObject","inLanguage":"de","@id":"https:\/\/www.fahrschule-am-sonnfeld.de\/?page_id=667#primaryimage","url":"https:\/\/www.fahrschule-am-sonnfeld.de\/wp-content\/uploads\/2019\/09\/A1-HP.jpg","contentUrl":"https:\/\/www.fahrschule-am-sonnfeld.de\/wp-content\/uploads\/2019\/09\/A1-HP.jpg","width":1792,"height":1115},{"@type":"BreadcrumbList","@id":"https:\/\/www.fahrschule-am-sonnfeld.de\/?page_id=667#breadcrumb","itemListElement":[{"@type":"ListItem","position":1,"name":"Startseite","item":"https:\/\/www.fahrschule-am-sonnfeld.de\/"},{"@type":"ListItem","position":2,"name":"F\u00fchrerscheinklassen","item":"https:\/\/www.fahrschule-am-sonnfeld.de\/?page_id=67"},{"@type":"ListItem","position":3,"name":"Klasse B196"}]},{"@type":"WebSite","@id":"https:\/\/www.fahrschule-am-sonnfeld.de\/#website","url":"https:\/\/www.fahrschule-am-sonnfeld.de\/","name":"Fahrschule Am Sonnfeld","description":"","potentialAction":[{"@type":"SearchAction","target":{"@type":"EntryPoint","urlTemplate":"https:\/\/www.fahrschule-am-sonnfeld.de\/?s={search_term_string}"},"query-input":{"@type":"PropertyValueSpecification","valueRequired":true,"valueName":"search_term_string"}}],"inLanguage":"de"}]}},"_links":{"self":[{"href":"https:\/\/www.fahrschule-am-sonnfeld.de\/index.php?rest_route=\/wp\/v2\/pages\/667","targetHints":{"allow":["GET"]}}],"collection":[{"href":"https:\/\/www.fahrschule-am-sonnfeld.de\/index.php?rest_route=\/wp\/v2\/pages"}],"about":[{"href":"https:\/\/www.fahrschule-am-sonnfeld.de\/index.php?rest_route=\/wp\/v2\/types\/page"}],"author":[{"embeddable":true,"href":"https:\/\/www.fahrschule-am-sonnfeld.de\/index.php?rest_route=\/wp\/v2\/users\/1"}],"replies":[{"embeddable":true,"href":"https:\/\/www.fahrschule-am-sonnfeld.de\/index.php?rest_route=%2Fwp%2Fv2%2Fcomments&post=667"}],"version-history":[{"count":11,"href":"https:\/\/www.fahrschule-am-sonnfeld.de\/index.php?rest_route=\/wp\/v2\/pages\/667\/revisions"}],"predecessor-version":[{"id":831,"href":"https:\/\/www.fahrschule-am-sonnfeld.de\/index.php?rest_route=\/wp\/v2\/pages\/667\/revisions\/831"}],"up":[{"embeddable":true,"href":"https:\/\/www.fahrschule-am-sonnfeld.de\/index.php?rest_route=\/wp\/v2\/pages\/67"}],"wp:attachment":[{"href":"https:\/\/www.fahrschule-am-sonnfeld.de\/index.php?rest_route=%2Fwp%2Fv2%2Fmedia&parent=667"}],"curies":[{"name":"wp","href":"https:\/\/api.w.org\/{rel}","templated":true}]}}