{"id":473,"date":"2019-06-08T05:21:25","date_gmt":"2019-06-08T03:21:25","guid":{"rendered":"http:\/\/dev.fahrschule-am-sonnfeld.de\/neu\/?page_id=473"},"modified":"2019-06-08T05:21:27","modified_gmt":"2019-06-08T03:21:27","slug":"fahrschulwechsel","status":"publish","type":"page","link":"https:\/\/www.fahrschule-am-sonnfeld.de\/?page_id=473","title":{"rendered":"Fahrschulwechsel"},"content":{"rendered":"\n<p>Solltest du, aus welchen Gr\u00fcnden auch immer, einen Wechsel von einer anderen Fahrschule zu uns planen, helfen wir dir gerne dabei.<\/p>\n\n\n\n<p>Ein Fahrschulwechsel ist <strong>grunds\u00e4tzlich immer m\u00f6glich<\/strong>. <\/p>\n\n\n\n<p>Wir erledigen f\u00fcr dich die <strong>Formalit\u00e4ten<\/strong> bei deiner fr\u00fcheren Fahrschule. Selbstverst\u00e4ndlich werden dir im Rahmen der gesetzlichen Fristen <strong>alle<\/strong> <strong>Theoriestunden<\/strong> (nat\u00fcrlich auch eine eventuell schon abgelegte <strong>Theoriepr\u00fcfung<\/strong>) und deine <strong>Sonderfahrten<\/strong> angerechnet.<br>Eine bestandene Theoriepr\u00fcfung ist ein Jahr g\u00fcltig. Der Theorieunterricht und die Sonderfahrten sind zwei Jahre g\u00fcltig.<\/p>\n\n\n\n<p>Du kannst dich gerne an unser B\u00fcro wenden. Wir helfen dir weiter.<\/p>\n","protected":false},"excerpt":{"rendered":"<p>Solltest du, aus welchen Gr\u00fcnden auch immer, einen Wechsel von einer anderen Fahrschule zu uns planen, helfen wir dir gerne dabei. Ein Fahrschulwechsel ist grunds\u00e4tzlich immer m\u00f6glich. Wir erledigen f\u00fcr dich die Formalit\u00e4ten bei deiner fr\u00fcheren Fahrschule. Selbstverst\u00e4ndlich werden dir im Rahmen der gesetzlichen Fristen alle Theoriestunden (nat\u00fcrlich auch eine eventuell schon abgelegte Theoriepr\u00fcfung) und [&hellip;]<\/p>\n","protected":false},"author":1,"featured_media":0,"parent":0,"menu_order":0,"comment_status":"closed","ping_status":"closed","template":"","meta":{"footnotes":""},"class_list":["post-473","page","type-page","status-publish","hentry"],"yoast_head":"<!-- This site is optimized with the Yoast SEO plugin v27.2 - https:\/\/yoast.com\/product\/yoast-seo-wordpress\/ -->\n<title>Fahrschulwechsel - Fahrschule Am Sonnfeld<\/title>\n<meta name=\"robots\" content=\"index, follow, max-snippet:-1, max-image-preview:large, max-video-preview:-1\" \/>\n<link rel=\"canonical\" href=\"https:\/\/www.fahrschule-am-sonnfeld.de\/?page_id=473\" \/>\n<meta property=\"og:locale\" content=\"de_DE\" \/>\n<meta property=\"og:type\" content=\"article\" \/>\n<meta property=\"og:title\" content=\"Fahrschulwechsel - Fahrschule Am Sonnfeld\" \/>\n<meta property=\"og:description\" content=\"Solltest du, aus welchen Gr\u00fcnden auch immer, einen Wechsel von einer anderen Fahrschule zu uns planen, helfen wir dir gerne dabei. Ein Fahrschulwechsel ist grunds\u00e4tzlich immer m\u00f6glich. Wir erledigen f\u00fcr dich die Formalit\u00e4ten bei deiner fr\u00fcheren Fahrschule. Selbstverst\u00e4ndlich werden dir im Rahmen der gesetzlichen Fristen alle Theoriestunden (nat\u00fcrlich auch eine eventuell schon abgelegte Theoriepr\u00fcfung) und [&hellip;]\" \/>\n<meta property=\"og:url\" content=\"https:\/\/www.fahrschule-am-sonnfeld.de\/?page_id=473\" \/>\n<meta property=\"og:site_name\" content=\"Fahrschule Am Sonnfeld\" \/>\n<meta property=\"article:modified_time\" content=\"2019-06-08T03:21:27+00:00\" \/>\n<meta name=\"twitter:card\" content=\"summary_large_image\" \/>\n<script type=\"application\/ld+json\" class=\"yoast-schema-graph\">{\"@context\":\"https:\/\/schema.org\",\"@graph\":[{\"@type\":\"WebPage\",\"@id\":\"https:\/\/www.fahrschule-am-sonnfeld.de\/?page_id=473\",\"url\":\"https:\/\/www.fahrschule-am-sonnfeld.de\/?page_id=473\",\"name\":\"Fahrschulwechsel - Fahrschule Am Sonnfeld\",\"isPartOf\":{\"@id\":\"https:\/\/www.fahrschule-am-sonnfeld.de\/#website\"},\"datePublished\":\"2019-06-08T03:21:25+00:00\",\"dateModified\":\"2019-06-08T03:21:27+00:00\",\"breadcrumb\":{\"@id\":\"https:\/\/www.fahrschule-am-sonnfeld.de\/?page_id=473#breadcrumb\"},\"inLanguage\":\"de\",\"potentialAction\":[{\"@type\":\"ReadAction\",\"target\":[\"https:\/\/www.fahrschule-am-sonnfeld.de\/?page_id=473\"]}]},{\"@type\":\"BreadcrumbList\",\"@id\":\"https:\/\/www.fahrschule-am-sonnfeld.de\/?page_id=473#breadcrumb\",\"itemListElement\":[{\"@type\":\"ListItem\",\"position\":1,\"name\":\"Startseite\",\"item\":\"https:\/\/www.fahrschule-am-sonnfeld.de\/\"},{\"@type\":\"ListItem\",\"position\":2,\"name\":\"Fahrschulwechsel\"}]},{\"@type\":\"WebSite\",\"@id\":\"https:\/\/www.fahrschule-am-sonnfeld.de\/#website\",\"url\":\"https:\/\/www.fahrschule-am-sonnfeld.de\/\",\"name\":\"Fahrschule Am Sonnfeld\",\"description\":\"\",\"potentialAction\":[{\"@type\":\"SearchAction\",\"target\":{\"@type\":\"EntryPoint\",\"urlTemplate\":\"https:\/\/www.fahrschule-am-sonnfeld.de\/?s={search_term_string}\"},\"query-input\":{\"@type\":\"PropertyValueSpecification\",\"valueRequired\":true,\"valueName\":\"search_term_string\"}}],\"inLanguage\":\"de\"}]}<\/script>\n<!-- \/ Yoast SEO plugin. -->","yoast_head_json":{"title":"Fahrschulwechsel - Fahrschule Am Sonnfeld","robots":{"index":"index","follow":"follow","max-snippet":"max-snippet:-1","max-image-preview":"max-image-preview:large","max-video-preview":"max-video-preview:-1"},"canonical":"https:\/\/www.fahrschule-am-sonnfeld.de\/?page_id=473","og_locale":"de_DE","og_type":"article","og_title":"Fahrschulwechsel - Fahrschule Am Sonnfeld","og_description":"Solltest du, aus welchen Gr\u00fcnden auch immer, einen Wechsel von einer anderen Fahrschule zu uns planen, helfen wir dir gerne dabei. Ein Fahrschulwechsel ist grunds\u00e4tzlich immer m\u00f6glich. Wir erledigen f\u00fcr dich die Formalit\u00e4ten bei deiner fr\u00fcheren Fahrschule. Selbstverst\u00e4ndlich werden dir im Rahmen der gesetzlichen Fristen alle Theoriestunden (nat\u00fcrlich auch eine eventuell schon abgelegte Theoriepr\u00fcfung) und [&hellip;]","og_url":"https:\/\/www.fahrschule-am-sonnfeld.de\/?page_id=473","og_site_name":"Fahrschule Am Sonnfeld","article_modified_time":"2019-06-08T03:21:27+00:00","twitter_card":"summary_large_image","schema":{"@context":"https:\/\/schema.org","@graph":[{"@type":"WebPage","@id":"https:\/\/www.fahrschule-am-sonnfeld.de\/?page_id=473","url":"https:\/\/www.fahrschule-am-sonnfeld.de\/?page_id=473","name":"Fahrschulwechsel - Fahrschule Am Sonnfeld","isPartOf":{"@id":"https:\/\/www.fahrschule-am-sonnfeld.de\/#website"},"datePublished":"2019-06-08T03:21:25+00:00","dateModified":"2019-06-08T03:21:27+00:00","breadcrumb":{"@id":"https:\/\/www.fahrschule-am-sonnfeld.de\/?page_id=473#breadcrumb"},"inLanguage":"de","potentialAction":[{"@type":"ReadAction","target":["https:\/\/www.fahrschule-am-sonnfeld.de\/?page_id=473"]}]},{"@type":"BreadcrumbList","@id":"https:\/\/www.fahrschule-am-sonnfeld.de\/?page_id=473#breadcrumb","itemListElement":[{"@type":"ListItem","position":1,"name":"Startseite","item":"https:\/\/www.fahrschule-am-sonnfeld.de\/"},{"@type":"ListItem","position":2,"name":"Fahrschulwechsel"}]},{"@type":"WebSite","@id":"https:\/\/www.fahrschule-am-sonnfeld.de\/#website","url":"https:\/\/www.fahrschule-am-sonnfeld.de\/","name":"Fahrschule Am Sonnfeld","description":"","potentialAction":[{"@type":"SearchAction","target":{"@type":"EntryPoint","urlTemplate":"https:\/\/www.fahrschule-am-sonnfeld.de\/?s={search_term_string}"},"query-input":{"@type":"PropertyValueSpecification","valueRequired":true,"valueName":"search_term_string"}}],"inLanguage":"de"}]}},"_links":{"self":[{"href":"https:\/\/www.fahrschule-am-sonnfeld.de\/index.php?rest_route=\/wp\/v2\/pages\/473","targetHints":{"allow":["GET"]}}],"collection":[{"href":"https:\/\/www.fahrschule-am-sonnfeld.de\/index.php?rest_route=\/wp\/v2\/pages"}],"about":[{"href":"https:\/\/www.fahrschule-am-sonnfeld.de\/index.php?rest_route=\/wp\/v2\/types\/page"}],"author":[{"embeddable":true,"href":"https:\/\/www.fahrschule-am-sonnfeld.de\/index.php?rest_route=\/wp\/v2\/users\/1"}],"replies":[{"embeddable":true,"href":"https:\/\/www.fahrschule-am-sonnfeld.de\/index.php?rest_route=%2Fwp%2Fv2%2Fcomments&post=473"}],"version-history":[{"count":1,"href":"https:\/\/www.fahrschule-am-sonnfeld.de\/index.php?rest_route=\/wp\/v2\/pages\/473\/revisions"}],"predecessor-version":[{"id":474,"href":"https:\/\/www.fahrschule-am-sonnfeld.de\/index.php?rest_route=\/wp\/v2\/pages\/473\/revisions\/474"}],"wp:attachment":[{"href":"https:\/\/www.fahrschule-am-sonnfeld.de\/index.php?rest_route=%2Fwp%2Fv2%2Fmedia&parent=473"}],"curies":[{"name":"wp","href":"https:\/\/api.w.org\/{rel}","templated":true}]}}