{"id":457,"date":"2019-06-08T04:30:26","date_gmt":"2019-06-08T02:30:26","guid":{"rendered":"http:\/\/dev.fahrschule-am-sonnfeld.de\/neu\/?page_id=457"},"modified":"2026-02-09T18:56:09","modified_gmt":"2026-02-09T17:56:09","slug":"aufbauseminar-fuer-fahranfaenger-afs","status":"publish","type":"page","link":"https:\/\/www.fahrschule-am-sonnfeld.de\/?page_id=457","title":{"rendered":"Aufbauseminar f\u00fcr Fahranf\u00e4nger (ASF)"},"content":{"rendered":"\n<p><strong>MONATLICHE ASF-KURSE <\/strong> (Termine nach R\u00fccksprache)<br>Preis bei uns 549,00 \u20ac<\/p>\n\n\n\n<p>Hast du dir als Fahranf\u00e4nger in der Probezeit <strong>einen A-Versto\u00df<\/strong> (z.B: \u00dcberfahren einer roten Ampel) oder <strong>zwei B-Verst\u00f6\u00dfe<\/strong> (z.B. Gef\u00e4hrdung von Fu\u00dfg\u00e4ngern beim Abbiegen) geleistet, dann wird deine Probezeit von zwei auf vier Jahre verl\u00e4ngert und du musst ein Aufbauseminar f\u00fcr <strong>Fahranf\u00e4nger (ASF)<\/strong> absolvieren.<br>Gemeinsam mit anderen Teilnehmern und den Schulungsleitern entwickelt ihr L\u00f6sungsm\u00f6glichkeiten f\u00fcr <strong>ein besseres und sichereres Fahrverhalten<\/strong>.<\/p>\n\n\n\n<p>Hast du eine Aufforderung zur Teilnahme an einem ASF bekommen, setze dich am besten schnellstm\u00f6glich mit unserem B\u00fcro in Verbindung. Wir helfen dir dann gerne weiter.<\/p>\n\n\n\n<p><strong>Folgende Unterlagen musst du mitbringen:<\/strong><\/p>\n\n\n\n<ul class=\"wp-block-list\">\n<li>g\u00fcltiger Personalausweis oder Pass<\/li>\n\n\n\n<li>Originalbescheid der Fahrerlaubnisbeh\u00f6rde zur Aufforderung an einem AFS teilzunehmen<\/li>\n<\/ul>\n\n\n\n<p><strong>Unterrichtsinhalte:<\/strong><\/p>\n\n\n\n<ul class=\"wp-block-list\">\n<li>4x Theoriesitzungen zu jeweils 135 Minuten<\/li>\n\n\n\n<li>Fahrprobe von mindestens 30 Minuten<\/li>\n<\/ul>\n\n\n\n<p>Du musst keine erneute Pr\u00fcfung ablegen.<\/p>\n\n\n\n<p><\/p>\n","protected":false},"excerpt":{"rendered":"<p>MONATLICHE ASF-KURSE (Termine nach R\u00fccksprache)Preis bei uns 549,00 \u20ac Hast du dir als Fahranf\u00e4nger in der Probezeit einen A-Versto\u00df (z.B: \u00dcberfahren einer roten Ampel) oder zwei B-Verst\u00f6\u00dfe (z.B. Gef\u00e4hrdung von Fu\u00dfg\u00e4ngern beim Abbiegen) geleistet, dann wird deine Probezeit von zwei auf vier Jahre verl\u00e4ngert und du musst ein Aufbauseminar f\u00fcr Fahranf\u00e4nger (ASF) absolvieren.Gemeinsam mit anderen [&hellip;]<\/p>\n","protected":false},"author":1,"featured_media":0,"parent":0,"menu_order":0,"comment_status":"closed","ping_status":"closed","template":"","meta":{"footnotes":""},"class_list":["post-457","page","type-page","status-publish","hentry"],"yoast_head":"<!-- This site is optimized with the Yoast SEO plugin v27.2 - https:\/\/yoast.com\/product\/yoast-seo-wordpress\/ -->\n<title>Aufbauseminar f\u00fcr Fahranf\u00e4nger (ASF) - Fahrschule Am Sonnfeld<\/title>\n<meta name=\"robots\" content=\"index, follow, max-snippet:-1, max-image-preview:large, max-video-preview:-1\" \/>\n<link rel=\"canonical\" href=\"https:\/\/www.fahrschule-am-sonnfeld.de\/?page_id=457\" \/>\n<meta property=\"og:locale\" content=\"de_DE\" \/>\n<meta property=\"og:type\" content=\"article\" \/>\n<meta property=\"og:title\" content=\"Aufbauseminar f\u00fcr Fahranf\u00e4nger (ASF) - Fahrschule Am Sonnfeld\" \/>\n<meta property=\"og:description\" content=\"MONATLICHE ASF-KURSE (Termine nach R\u00fccksprache)Preis bei uns 549,00 \u20ac Hast du dir als Fahranf\u00e4nger in der Probezeit einen A-Versto\u00df (z.B: \u00dcberfahren einer roten Ampel) oder zwei B-Verst\u00f6\u00dfe (z.B. Gef\u00e4hrdung von Fu\u00dfg\u00e4ngern beim Abbiegen) geleistet, dann wird deine Probezeit von zwei auf vier Jahre verl\u00e4ngert und du musst ein Aufbauseminar f\u00fcr Fahranf\u00e4nger (ASF) absolvieren.Gemeinsam mit anderen [&hellip;]\" \/>\n<meta property=\"og:url\" content=\"https:\/\/www.fahrschule-am-sonnfeld.de\/?page_id=457\" \/>\n<meta property=\"og:site_name\" content=\"Fahrschule Am Sonnfeld\" \/>\n<meta property=\"article:modified_time\" content=\"2026-02-09T17:56:09+00:00\" \/>\n<meta name=\"twitter:card\" content=\"summary_large_image\" \/>\n<meta name=\"twitter:label1\" content=\"Gesch\u00e4tzte Lesezeit\" \/>\n\t<meta name=\"twitter:data1\" content=\"1\u00a0Minute\" \/>\n<script type=\"application\/ld+json\" class=\"yoast-schema-graph\">{\"@context\":\"https:\/\/schema.org\",\"@graph\":[{\"@type\":\"WebPage\",\"@id\":\"https:\/\/www.fahrschule-am-sonnfeld.de\/?page_id=457\",\"url\":\"https:\/\/www.fahrschule-am-sonnfeld.de\/?page_id=457\",\"name\":\"Aufbauseminar f\u00fcr Fahranf\u00e4nger (ASF) - Fahrschule Am Sonnfeld\",\"isPartOf\":{\"@id\":\"https:\/\/www.fahrschule-am-sonnfeld.de\/#website\"},\"datePublished\":\"2019-06-08T02:30:26+00:00\",\"dateModified\":\"2026-02-09T17:56:09+00:00\",\"breadcrumb\":{\"@id\":\"https:\/\/www.fahrschule-am-sonnfeld.de\/?page_id=457#breadcrumb\"},\"inLanguage\":\"de\",\"potentialAction\":[{\"@type\":\"ReadAction\",\"target\":[\"https:\/\/www.fahrschule-am-sonnfeld.de\/?page_id=457\"]}]},{\"@type\":\"BreadcrumbList\",\"@id\":\"https:\/\/www.fahrschule-am-sonnfeld.de\/?page_id=457#breadcrumb\",\"itemListElement\":[{\"@type\":\"ListItem\",\"position\":1,\"name\":\"Startseite\",\"item\":\"https:\/\/www.fahrschule-am-sonnfeld.de\/\"},{\"@type\":\"ListItem\",\"position\":2,\"name\":\"Aufbauseminar f\u00fcr Fahranf\u00e4nger (ASF)\"}]},{\"@type\":\"WebSite\",\"@id\":\"https:\/\/www.fahrschule-am-sonnfeld.de\/#website\",\"url\":\"https:\/\/www.fahrschule-am-sonnfeld.de\/\",\"name\":\"Fahrschule Am Sonnfeld\",\"description\":\"\",\"potentialAction\":[{\"@type\":\"SearchAction\",\"target\":{\"@type\":\"EntryPoint\",\"urlTemplate\":\"https:\/\/www.fahrschule-am-sonnfeld.de\/?s={search_term_string}\"},\"query-input\":{\"@type\":\"PropertyValueSpecification\",\"valueRequired\":true,\"valueName\":\"search_term_string\"}}],\"inLanguage\":\"de\"}]}<\/script>\n<!-- \/ Yoast SEO plugin. -->","yoast_head_json":{"title":"Aufbauseminar f\u00fcr Fahranf\u00e4nger (ASF) - Fahrschule Am Sonnfeld","robots":{"index":"index","follow":"follow","max-snippet":"max-snippet:-1","max-image-preview":"max-image-preview:large","max-video-preview":"max-video-preview:-1"},"canonical":"https:\/\/www.fahrschule-am-sonnfeld.de\/?page_id=457","og_locale":"de_DE","og_type":"article","og_title":"Aufbauseminar f\u00fcr Fahranf\u00e4nger (ASF) - Fahrschule Am Sonnfeld","og_description":"MONATLICHE ASF-KURSE (Termine nach R\u00fccksprache)Preis bei uns 549,00 \u20ac Hast du dir als Fahranf\u00e4nger in der Probezeit einen A-Versto\u00df (z.B: \u00dcberfahren einer roten Ampel) oder zwei B-Verst\u00f6\u00dfe (z.B. Gef\u00e4hrdung von Fu\u00dfg\u00e4ngern beim Abbiegen) geleistet, dann wird deine Probezeit von zwei auf vier Jahre verl\u00e4ngert und du musst ein Aufbauseminar f\u00fcr Fahranf\u00e4nger (ASF) absolvieren.Gemeinsam mit anderen [&hellip;]","og_url":"https:\/\/www.fahrschule-am-sonnfeld.de\/?page_id=457","og_site_name":"Fahrschule Am Sonnfeld","article_modified_time":"2026-02-09T17:56:09+00:00","twitter_card":"summary_large_image","twitter_misc":{"Gesch\u00e4tzte Lesezeit":"1\u00a0Minute"},"schema":{"@context":"https:\/\/schema.org","@graph":[{"@type":"WebPage","@id":"https:\/\/www.fahrschule-am-sonnfeld.de\/?page_id=457","url":"https:\/\/www.fahrschule-am-sonnfeld.de\/?page_id=457","name":"Aufbauseminar f\u00fcr Fahranf\u00e4nger (ASF) - Fahrschule Am Sonnfeld","isPartOf":{"@id":"https:\/\/www.fahrschule-am-sonnfeld.de\/#website"},"datePublished":"2019-06-08T02:30:26+00:00","dateModified":"2026-02-09T17:56:09+00:00","breadcrumb":{"@id":"https:\/\/www.fahrschule-am-sonnfeld.de\/?page_id=457#breadcrumb"},"inLanguage":"de","potentialAction":[{"@type":"ReadAction","target":["https:\/\/www.fahrschule-am-sonnfeld.de\/?page_id=457"]}]},{"@type":"BreadcrumbList","@id":"https:\/\/www.fahrschule-am-sonnfeld.de\/?page_id=457#breadcrumb","itemListElement":[{"@type":"ListItem","position":1,"name":"Startseite","item":"https:\/\/www.fahrschule-am-sonnfeld.de\/"},{"@type":"ListItem","position":2,"name":"Aufbauseminar f\u00fcr Fahranf\u00e4nger (ASF)"}]},{"@type":"WebSite","@id":"https:\/\/www.fahrschule-am-sonnfeld.de\/#website","url":"https:\/\/www.fahrschule-am-sonnfeld.de\/","name":"Fahrschule Am Sonnfeld","description":"","potentialAction":[{"@type":"SearchAction","target":{"@type":"EntryPoint","urlTemplate":"https:\/\/www.fahrschule-am-sonnfeld.de\/?s={search_term_string}"},"query-input":{"@type":"PropertyValueSpecification","valueRequired":true,"valueName":"search_term_string"}}],"inLanguage":"de"}]}},"_links":{"self":[{"href":"https:\/\/www.fahrschule-am-sonnfeld.de\/index.php?rest_route=\/wp\/v2\/pages\/457","targetHints":{"allow":["GET"]}}],"collection":[{"href":"https:\/\/www.fahrschule-am-sonnfeld.de\/index.php?rest_route=\/wp\/v2\/pages"}],"about":[{"href":"https:\/\/www.fahrschule-am-sonnfeld.de\/index.php?rest_route=\/wp\/v2\/types\/page"}],"author":[{"embeddable":true,"href":"https:\/\/www.fahrschule-am-sonnfeld.de\/index.php?rest_route=\/wp\/v2\/users\/1"}],"replies":[{"embeddable":true,"href":"https:\/\/www.fahrschule-am-sonnfeld.de\/index.php?rest_route=%2Fwp%2Fv2%2Fcomments&post=457"}],"version-history":[{"count":5,"href":"https:\/\/www.fahrschule-am-sonnfeld.de\/index.php?rest_route=\/wp\/v2\/pages\/457\/revisions"}],"predecessor-version":[{"id":1684,"href":"https:\/\/www.fahrschule-am-sonnfeld.de\/index.php?rest_route=\/wp\/v2\/pages\/457\/revisions\/1684"}],"wp:attachment":[{"href":"https:\/\/www.fahrschule-am-sonnfeld.de\/index.php?rest_route=%2Fwp%2Fv2%2Fmedia&parent=457"}],"curies":[{"name":"wp","href":"https:\/\/api.w.org\/{rel}","templated":true}]}}