{"id":368,"date":"2019-06-04T18:56:26","date_gmt":"2019-06-04T16:56:26","guid":{"rendered":"http:\/\/dev.fahrschule-am-sonnfeld.de\/neu\/?page_id=368"},"modified":"2019-12-30T19:06:53","modified_gmt":"2019-12-30T18:06:53","slug":"altersbegrenzung-9","status":"publish","type":"page","link":"https:\/\/www.fahrschule-am-sonnfeld.de\/?page_id=368","title":{"rendered":"Altersbegrenzung"},"content":{"rendered":"\n<p>24 Jahre f\u00fcr Kraftr\u00e4der bei Direkteinstieg<\/p>\n\n\n\n<p>21 Jahre f\u00fcr dreir\u00e4drige Kraftfahrzeuge mit einer Leistung von mehr als 15 kW oder<\/p>\n\n\n\n<p>20 Jahre f\u00fcr Kraftr\u00e4der bei einem Vorbesitz der Klasse A2 von mindestens 2 Jahren<\/p>\n","protected":false},"excerpt":{"rendered":"<p>24 Jahre f\u00fcr Kraftr\u00e4der bei Direkteinstieg 21 Jahre f\u00fcr dreir\u00e4drige Kraftfahrzeuge mit einer Leistung von mehr als 15 kW oder 20 Jahre f\u00fcr Kraftr\u00e4der bei einem Vorbesitz der Klasse A2 von mindestens 2 Jahren<\/p>\n","protected":false},"author":1,"featured_media":0,"parent":0,"menu_order":0,"comment_status":"closed","ping_status":"closed","template":"","meta":{"footnotes":""},"class_list":["post-368","page","type-page","status-publish","hentry"],"yoast_head":"<!-- This site is optimized with the Yoast SEO plugin v27.2 - https:\/\/yoast.com\/product\/yoast-seo-wordpress\/ -->\n<title>Altersbegrenzung - Fahrschule Am Sonnfeld<\/title>\n<meta name=\"robots\" content=\"index, follow, max-snippet:-1, max-image-preview:large, max-video-preview:-1\" \/>\n<link rel=\"canonical\" href=\"https:\/\/www.fahrschule-am-sonnfeld.de\/?page_id=368\" \/>\n<meta property=\"og:locale\" content=\"de_DE\" \/>\n<meta property=\"og:type\" content=\"article\" \/>\n<meta property=\"og:title\" content=\"Altersbegrenzung - Fahrschule Am Sonnfeld\" \/>\n<meta property=\"og:description\" content=\"24 Jahre f\u00fcr Kraftr\u00e4der bei Direkteinstieg 21 Jahre f\u00fcr dreir\u00e4drige Kraftfahrzeuge mit einer Leistung von mehr als 15 kW oder 20 Jahre f\u00fcr Kraftr\u00e4der bei einem Vorbesitz der Klasse A2 von mindestens 2 Jahren\" \/>\n<meta property=\"og:url\" content=\"https:\/\/www.fahrschule-am-sonnfeld.de\/?page_id=368\" \/>\n<meta property=\"og:site_name\" content=\"Fahrschule Am Sonnfeld\" \/>\n<meta property=\"article:modified_time\" content=\"2019-12-30T18:06:53+00:00\" \/>\n<meta name=\"twitter:card\" content=\"summary_large_image\" \/>\n<script type=\"application\/ld+json\" class=\"yoast-schema-graph\">{\"@context\":\"https:\/\/schema.org\",\"@graph\":[{\"@type\":\"WebPage\",\"@id\":\"https:\/\/www.fahrschule-am-sonnfeld.de\/?page_id=368\",\"url\":\"https:\/\/www.fahrschule-am-sonnfeld.de\/?page_id=368\",\"name\":\"Altersbegrenzung - Fahrschule Am Sonnfeld\",\"isPartOf\":{\"@id\":\"https:\/\/www.fahrschule-am-sonnfeld.de\/#website\"},\"datePublished\":\"2019-06-04T16:56:26+00:00\",\"dateModified\":\"2019-12-30T18:06:53+00:00\",\"breadcrumb\":{\"@id\":\"https:\/\/www.fahrschule-am-sonnfeld.de\/?page_id=368#breadcrumb\"},\"inLanguage\":\"de\",\"potentialAction\":[{\"@type\":\"ReadAction\",\"target\":[\"https:\/\/www.fahrschule-am-sonnfeld.de\/?page_id=368\"]}]},{\"@type\":\"BreadcrumbList\",\"@id\":\"https:\/\/www.fahrschule-am-sonnfeld.de\/?page_id=368#breadcrumb\",\"itemListElement\":[{\"@type\":\"ListItem\",\"position\":1,\"name\":\"Startseite\",\"item\":\"https:\/\/www.fahrschule-am-sonnfeld.de\/\"},{\"@type\":\"ListItem\",\"position\":2,\"name\":\"Altersbegrenzung\"}]},{\"@type\":\"WebSite\",\"@id\":\"https:\/\/www.fahrschule-am-sonnfeld.de\/#website\",\"url\":\"https:\/\/www.fahrschule-am-sonnfeld.de\/\",\"name\":\"Fahrschule Am Sonnfeld\",\"description\":\"\",\"potentialAction\":[{\"@type\":\"SearchAction\",\"target\":{\"@type\":\"EntryPoint\",\"urlTemplate\":\"https:\/\/www.fahrschule-am-sonnfeld.de\/?s={search_term_string}\"},\"query-input\":{\"@type\":\"PropertyValueSpecification\",\"valueRequired\":true,\"valueName\":\"search_term_string\"}}],\"inLanguage\":\"de\"}]}<\/script>\n<!-- \/ Yoast SEO plugin. -->","yoast_head_json":{"title":"Altersbegrenzung - Fahrschule Am Sonnfeld","robots":{"index":"index","follow":"follow","max-snippet":"max-snippet:-1","max-image-preview":"max-image-preview:large","max-video-preview":"max-video-preview:-1"},"canonical":"https:\/\/www.fahrschule-am-sonnfeld.de\/?page_id=368","og_locale":"de_DE","og_type":"article","og_title":"Altersbegrenzung - Fahrschule Am Sonnfeld","og_description":"24 Jahre f\u00fcr Kraftr\u00e4der bei Direkteinstieg 21 Jahre f\u00fcr dreir\u00e4drige Kraftfahrzeuge mit einer Leistung von mehr als 15 kW oder 20 Jahre f\u00fcr Kraftr\u00e4der bei einem Vorbesitz der Klasse A2 von mindestens 2 Jahren","og_url":"https:\/\/www.fahrschule-am-sonnfeld.de\/?page_id=368","og_site_name":"Fahrschule Am Sonnfeld","article_modified_time":"2019-12-30T18:06:53+00:00","twitter_card":"summary_large_image","schema":{"@context":"https:\/\/schema.org","@graph":[{"@type":"WebPage","@id":"https:\/\/www.fahrschule-am-sonnfeld.de\/?page_id=368","url":"https:\/\/www.fahrschule-am-sonnfeld.de\/?page_id=368","name":"Altersbegrenzung - Fahrschule Am Sonnfeld","isPartOf":{"@id":"https:\/\/www.fahrschule-am-sonnfeld.de\/#website"},"datePublished":"2019-06-04T16:56:26+00:00","dateModified":"2019-12-30T18:06:53+00:00","breadcrumb":{"@id":"https:\/\/www.fahrschule-am-sonnfeld.de\/?page_id=368#breadcrumb"},"inLanguage":"de","potentialAction":[{"@type":"ReadAction","target":["https:\/\/www.fahrschule-am-sonnfeld.de\/?page_id=368"]}]},{"@type":"BreadcrumbList","@id":"https:\/\/www.fahrschule-am-sonnfeld.de\/?page_id=368#breadcrumb","itemListElement":[{"@type":"ListItem","position":1,"name":"Startseite","item":"https:\/\/www.fahrschule-am-sonnfeld.de\/"},{"@type":"ListItem","position":2,"name":"Altersbegrenzung"}]},{"@type":"WebSite","@id":"https:\/\/www.fahrschule-am-sonnfeld.de\/#website","url":"https:\/\/www.fahrschule-am-sonnfeld.de\/","name":"Fahrschule Am Sonnfeld","description":"","potentialAction":[{"@type":"SearchAction","target":{"@type":"EntryPoint","urlTemplate":"https:\/\/www.fahrschule-am-sonnfeld.de\/?s={search_term_string}"},"query-input":{"@type":"PropertyValueSpecification","valueRequired":true,"valueName":"search_term_string"}}],"inLanguage":"de"}]}},"_links":{"self":[{"href":"https:\/\/www.fahrschule-am-sonnfeld.de\/index.php?rest_route=\/wp\/v2\/pages\/368","targetHints":{"allow":["GET"]}}],"collection":[{"href":"https:\/\/www.fahrschule-am-sonnfeld.de\/index.php?rest_route=\/wp\/v2\/pages"}],"about":[{"href":"https:\/\/www.fahrschule-am-sonnfeld.de\/index.php?rest_route=\/wp\/v2\/types\/page"}],"author":[{"embeddable":true,"href":"https:\/\/www.fahrschule-am-sonnfeld.de\/index.php?rest_route=\/wp\/v2\/users\/1"}],"replies":[{"embeddable":true,"href":"https:\/\/www.fahrschule-am-sonnfeld.de\/index.php?rest_route=%2Fwp%2Fv2%2Fcomments&post=368"}],"version-history":[{"count":3,"href":"https:\/\/www.fahrschule-am-sonnfeld.de\/index.php?rest_route=\/wp\/v2\/pages\/368\/revisions"}],"predecessor-version":[{"id":691,"href":"https:\/\/www.fahrschule-am-sonnfeld.de\/index.php?rest_route=\/wp\/v2\/pages\/368\/revisions\/691"}],"wp:attachment":[{"href":"https:\/\/www.fahrschule-am-sonnfeld.de\/index.php?rest_route=%2Fwp%2Fv2%2Fmedia&parent=368"}],"curies":[{"name":"wp","href":"https:\/\/api.w.org\/{rel}","templated":true}]}}