{"id":358,"date":"2019-06-04T18:33:42","date_gmt":"2019-06-04T16:33:42","guid":{"rendered":"http:\/\/dev.fahrschule-am-sonnfeld.de\/neu\/?page_id=358"},"modified":"2019-06-04T23:52:16","modified_gmt":"2019-06-04T21:52:16","slug":"ausbildungsinhalte-8","status":"publish","type":"page","link":"https:\/\/www.fahrschule-am-sonnfeld.de\/?page_id=358","title":{"rendered":"Ausbildungsinhalte"},"content":{"rendered":"\n<p><strong>Theoriestunden:<\/strong><\/p>\n\n\n\n<ul class=\"wp-block-list\"><li>12 Doppelstunden Grundstoff<\/li><li>4 Doppelstunden Zusatzstoff<\/li><\/ul>\n\n\n\n<p>Beim Aufstieg von A1 nach A2 ist bei mindestens zweij\u00e4hrigem Vorbesitz des A1 kein Theorieunterricht vorgeschrieben.<\/p>\n\n\n\n<p><strong>Praxisstunden:<\/strong><\/p>\n\n\n\n<ul class=\"wp-block-list\"><li>5 Stunden \u00dcberlandfahrt<\/li><li>4 Stunden Autobahn<\/li><li>3 Stunden bei Dunkelheit<\/li><li>\u00dcbungsfahrten je nach Eignung<\/li><\/ul>\n\n\n\n<p>Beim Aufstieg von A1 nach A2 sind keine Praxisstunden vorgeschrieben. Der Fahrlehrer entscheidet dies, zu deiner Sicherheit, individuell je nach deinen F\u00e4higkeiten.<\/p>\n\n\n\n<p><strong>Ich habe schon einen anderen F\u00fchrerschein:<\/strong><\/p>\n\n\n\n<p> Besitzt du schon einen F\u00fchrerschein einer anderen Klasse (z.B. B, AM, L oder T), dann reduziert sich die Anzahl der Theoriestunden\u00a0<em>Grundstoff auf 6x Pflicht<\/em>. <\/p>\n","protected":false},"excerpt":{"rendered":"<p>Theoriestunden: 12 Doppelstunden Grundstoff 4 Doppelstunden Zusatzstoff Beim Aufstieg von A1 nach A2 ist bei mindestens zweij\u00e4hrigem Vorbesitz des A1 kein Theorieunterricht vorgeschrieben. Praxisstunden: 5 Stunden \u00dcberlandfahrt 4 Stunden Autobahn 3 Stunden bei Dunkelheit \u00dcbungsfahrten je nach Eignung Beim Aufstieg von A1 nach A2 sind keine Praxisstunden vorgeschrieben. Der Fahrlehrer entscheidet dies, zu deiner Sicherheit, [&hellip;]<\/p>\n","protected":false},"author":1,"featured_media":0,"parent":0,"menu_order":0,"comment_status":"closed","ping_status":"closed","template":"","meta":{"footnotes":""},"class_list":["post-358","page","type-page","status-publish","hentry"],"yoast_head":"<!-- This site is optimized with the Yoast SEO plugin v27.2 - https:\/\/yoast.com\/product\/yoast-seo-wordpress\/ -->\n<title>Ausbildungsinhalte - Fahrschule Am Sonnfeld<\/title>\n<meta name=\"robots\" content=\"index, follow, max-snippet:-1, max-image-preview:large, max-video-preview:-1\" \/>\n<link rel=\"canonical\" href=\"https:\/\/www.fahrschule-am-sonnfeld.de\/?page_id=358\" \/>\n<meta property=\"og:locale\" content=\"de_DE\" \/>\n<meta property=\"og:type\" content=\"article\" \/>\n<meta property=\"og:title\" content=\"Ausbildungsinhalte - Fahrschule Am Sonnfeld\" \/>\n<meta property=\"og:description\" content=\"Theoriestunden: 12 Doppelstunden Grundstoff 4 Doppelstunden Zusatzstoff Beim Aufstieg von A1 nach A2 ist bei mindestens zweij\u00e4hrigem Vorbesitz des A1 kein Theorieunterricht vorgeschrieben. Praxisstunden: 5 Stunden \u00dcberlandfahrt 4 Stunden Autobahn 3 Stunden bei Dunkelheit \u00dcbungsfahrten je nach Eignung Beim Aufstieg von A1 nach A2 sind keine Praxisstunden vorgeschrieben. Der Fahrlehrer entscheidet dies, zu deiner Sicherheit, [&hellip;]\" \/>\n<meta property=\"og:url\" content=\"https:\/\/www.fahrschule-am-sonnfeld.de\/?page_id=358\" \/>\n<meta property=\"og:site_name\" content=\"Fahrschule Am Sonnfeld\" \/>\n<meta property=\"article:modified_time\" content=\"2019-06-04T21:52:16+00:00\" \/>\n<meta name=\"twitter:card\" content=\"summary_large_image\" \/>\n<script type=\"application\/ld+json\" class=\"yoast-schema-graph\">{\"@context\":\"https:\/\/schema.org\",\"@graph\":[{\"@type\":\"WebPage\",\"@id\":\"https:\/\/www.fahrschule-am-sonnfeld.de\/?page_id=358\",\"url\":\"https:\/\/www.fahrschule-am-sonnfeld.de\/?page_id=358\",\"name\":\"Ausbildungsinhalte - Fahrschule Am Sonnfeld\",\"isPartOf\":{\"@id\":\"https:\/\/www.fahrschule-am-sonnfeld.de\/#website\"},\"datePublished\":\"2019-06-04T16:33:42+00:00\",\"dateModified\":\"2019-06-04T21:52:16+00:00\",\"breadcrumb\":{\"@id\":\"https:\/\/www.fahrschule-am-sonnfeld.de\/?page_id=358#breadcrumb\"},\"inLanguage\":\"de\",\"potentialAction\":[{\"@type\":\"ReadAction\",\"target\":[\"https:\/\/www.fahrschule-am-sonnfeld.de\/?page_id=358\"]}]},{\"@type\":\"BreadcrumbList\",\"@id\":\"https:\/\/www.fahrschule-am-sonnfeld.de\/?page_id=358#breadcrumb\",\"itemListElement\":[{\"@type\":\"ListItem\",\"position\":1,\"name\":\"Startseite\",\"item\":\"https:\/\/www.fahrschule-am-sonnfeld.de\/\"},{\"@type\":\"ListItem\",\"position\":2,\"name\":\"Ausbildungsinhalte\"}]},{\"@type\":\"WebSite\",\"@id\":\"https:\/\/www.fahrschule-am-sonnfeld.de\/#website\",\"url\":\"https:\/\/www.fahrschule-am-sonnfeld.de\/\",\"name\":\"Fahrschule Am Sonnfeld\",\"description\":\"\",\"potentialAction\":[{\"@type\":\"SearchAction\",\"target\":{\"@type\":\"EntryPoint\",\"urlTemplate\":\"https:\/\/www.fahrschule-am-sonnfeld.de\/?s={search_term_string}\"},\"query-input\":{\"@type\":\"PropertyValueSpecification\",\"valueRequired\":true,\"valueName\":\"search_term_string\"}}],\"inLanguage\":\"de\"}]}<\/script>\n<!-- \/ Yoast SEO plugin. -->","yoast_head_json":{"title":"Ausbildungsinhalte - Fahrschule Am Sonnfeld","robots":{"index":"index","follow":"follow","max-snippet":"max-snippet:-1","max-image-preview":"max-image-preview:large","max-video-preview":"max-video-preview:-1"},"canonical":"https:\/\/www.fahrschule-am-sonnfeld.de\/?page_id=358","og_locale":"de_DE","og_type":"article","og_title":"Ausbildungsinhalte - Fahrschule Am Sonnfeld","og_description":"Theoriestunden: 12 Doppelstunden Grundstoff 4 Doppelstunden Zusatzstoff Beim Aufstieg von A1 nach A2 ist bei mindestens zweij\u00e4hrigem Vorbesitz des A1 kein Theorieunterricht vorgeschrieben. Praxisstunden: 5 Stunden \u00dcberlandfahrt 4 Stunden Autobahn 3 Stunden bei Dunkelheit \u00dcbungsfahrten je nach Eignung Beim Aufstieg von A1 nach A2 sind keine Praxisstunden vorgeschrieben. Der Fahrlehrer entscheidet dies, zu deiner Sicherheit, [&hellip;]","og_url":"https:\/\/www.fahrschule-am-sonnfeld.de\/?page_id=358","og_site_name":"Fahrschule Am Sonnfeld","article_modified_time":"2019-06-04T21:52:16+00:00","twitter_card":"summary_large_image","schema":{"@context":"https:\/\/schema.org","@graph":[{"@type":"WebPage","@id":"https:\/\/www.fahrschule-am-sonnfeld.de\/?page_id=358","url":"https:\/\/www.fahrschule-am-sonnfeld.de\/?page_id=358","name":"Ausbildungsinhalte - Fahrschule Am Sonnfeld","isPartOf":{"@id":"https:\/\/www.fahrschule-am-sonnfeld.de\/#website"},"datePublished":"2019-06-04T16:33:42+00:00","dateModified":"2019-06-04T21:52:16+00:00","breadcrumb":{"@id":"https:\/\/www.fahrschule-am-sonnfeld.de\/?page_id=358#breadcrumb"},"inLanguage":"de","potentialAction":[{"@type":"ReadAction","target":["https:\/\/www.fahrschule-am-sonnfeld.de\/?page_id=358"]}]},{"@type":"BreadcrumbList","@id":"https:\/\/www.fahrschule-am-sonnfeld.de\/?page_id=358#breadcrumb","itemListElement":[{"@type":"ListItem","position":1,"name":"Startseite","item":"https:\/\/www.fahrschule-am-sonnfeld.de\/"},{"@type":"ListItem","position":2,"name":"Ausbildungsinhalte"}]},{"@type":"WebSite","@id":"https:\/\/www.fahrschule-am-sonnfeld.de\/#website","url":"https:\/\/www.fahrschule-am-sonnfeld.de\/","name":"Fahrschule Am Sonnfeld","description":"","potentialAction":[{"@type":"SearchAction","target":{"@type":"EntryPoint","urlTemplate":"https:\/\/www.fahrschule-am-sonnfeld.de\/?s={search_term_string}"},"query-input":{"@type":"PropertyValueSpecification","valueRequired":true,"valueName":"search_term_string"}}],"inLanguage":"de"}]}},"_links":{"self":[{"href":"https:\/\/www.fahrschule-am-sonnfeld.de\/index.php?rest_route=\/wp\/v2\/pages\/358","targetHints":{"allow":["GET"]}}],"collection":[{"href":"https:\/\/www.fahrschule-am-sonnfeld.de\/index.php?rest_route=\/wp\/v2\/pages"}],"about":[{"href":"https:\/\/www.fahrschule-am-sonnfeld.de\/index.php?rest_route=\/wp\/v2\/types\/page"}],"author":[{"embeddable":true,"href":"https:\/\/www.fahrschule-am-sonnfeld.de\/index.php?rest_route=\/wp\/v2\/users\/1"}],"replies":[{"embeddable":true,"href":"https:\/\/www.fahrschule-am-sonnfeld.de\/index.php?rest_route=%2Fwp%2Fv2%2Fcomments&post=358"}],"version-history":[{"count":2,"href":"https:\/\/www.fahrschule-am-sonnfeld.de\/index.php?rest_route=\/wp\/v2\/pages\/358\/revisions"}],"predecessor-version":[{"id":382,"href":"https:\/\/www.fahrschule-am-sonnfeld.de\/index.php?rest_route=\/wp\/v2\/pages\/358\/revisions\/382"}],"wp:attachment":[{"href":"https:\/\/www.fahrschule-am-sonnfeld.de\/index.php?rest_route=%2Fwp%2Fv2%2Fmedia&parent=358"}],"curies":[{"name":"wp","href":"https:\/\/api.w.org\/{rel}","templated":true}]}}