{"id":299,"date":"2019-06-02T07:59:31","date_gmt":"2019-06-02T05:59:31","guid":{"rendered":"http:\/\/dev.fahrschule-am-sonnfeld.de\/neu\/?page_id=299"},"modified":"2024-01-30T17:57:06","modified_gmt":"2024-01-30T16:57:06","slug":"preise-6","status":"publish","type":"page","link":"https:\/\/www.fahrschule-am-sonnfeld.de\/?page_id=299","title":{"rendered":"Preise"},"content":{"rendered":"\n<figure class=\"wp-block-table is-style-stripes\"><table  class=\"has-background table table-hover\"  style=\"background-color:#e9fbe5\"><tbody><tr><td>Grundbetrag Klasse L<\/td><td class=\"has-text-align-right\" data-align=\"right\">249,00 \u20ac<\/td><\/tr><tr><td>Grundbetrag nach nicht bestandener Theorie Klasse L<\/td><td class=\"has-text-align-right\" data-align=\"right\">0,00 \u20ac<\/td><\/tr><tr><td>Vorstellung Theoriepr\u00fcfung Klasse L<\/td><td class=\"has-text-align-right\" data-align=\"right\">59,00 \u20ac<\/td><\/tr><\/tbody><\/table><\/figure>\n\n\n\n<p><strong>Beh\u00f6rdengeb\u00fchren:<\/strong><\/p>\n\n\n\n<figure class=\"wp-block-table is-style-stripes\"><table  class=\"has-background table table-hover\"  style=\"background-color:#e9fbe5\"><tbody><tr><td>Erstantrag F\u00fchrerscheinklasse L<\/td><td class=\"has-text-align-right\" data-align=\"right\">43,90 \u20ac<\/td><\/tr><tr><td>Theoriepr\u00fcfung<\/td><td class=\"has-text-align-right\" data-align=\"right\">24,99 \u20ac<\/td><\/tr><\/tbody><\/table><\/figure>\n","protected":false},"excerpt":{"rendered":"<p>Grundbetrag Klasse L 249,00 \u20ac Grundbetrag nach nicht bestandener Theorie Klasse L 0,00 \u20ac Vorstellung Theoriepr\u00fcfung Klasse L 59,00 \u20ac Beh\u00f6rdengeb\u00fchren: Erstantrag F\u00fchrerscheinklasse L 43,90 \u20ac Theoriepr\u00fcfung 24,99 \u20ac<\/p>\n","protected":false},"author":1,"featured_media":0,"parent":0,"menu_order":0,"comment_status":"closed","ping_status":"closed","template":"","meta":{"footnotes":""},"class_list":["post-299","page","type-page","status-publish","hentry"],"yoast_head":"<!-- This site is optimized with the Yoast SEO plugin v27.2 - https:\/\/yoast.com\/product\/yoast-seo-wordpress\/ -->\n<title>Preise - Fahrschule Am Sonnfeld<\/title>\n<meta name=\"robots\" content=\"index, follow, max-snippet:-1, max-image-preview:large, max-video-preview:-1\" \/>\n<link rel=\"canonical\" href=\"https:\/\/www.fahrschule-am-sonnfeld.de\/?page_id=299\" \/>\n<meta property=\"og:locale\" content=\"de_DE\" \/>\n<meta property=\"og:type\" content=\"article\" \/>\n<meta property=\"og:title\" content=\"Preise - Fahrschule Am Sonnfeld\" \/>\n<meta property=\"og:description\" content=\"Grundbetrag Klasse L 249,00 \u20ac Grundbetrag nach nicht bestandener Theorie Klasse L 0,00 \u20ac Vorstellung Theoriepr\u00fcfung Klasse L 59,00 \u20ac Beh\u00f6rdengeb\u00fchren: Erstantrag F\u00fchrerscheinklasse L 43,90 \u20ac Theoriepr\u00fcfung 24,99 \u20ac\" \/>\n<meta property=\"og:url\" content=\"https:\/\/www.fahrschule-am-sonnfeld.de\/?page_id=299\" \/>\n<meta property=\"og:site_name\" content=\"Fahrschule Am Sonnfeld\" \/>\n<meta property=\"article:modified_time\" content=\"2024-01-30T16:57:06+00:00\" \/>\n<meta name=\"twitter:card\" content=\"summary_large_image\" \/>\n<meta name=\"twitter:label1\" content=\"Gesch\u00e4tzte Lesezeit\" \/>\n\t<meta name=\"twitter:data1\" content=\"1\u00a0Minute\" \/>\n<script type=\"application\/ld+json\" class=\"yoast-schema-graph\">{\"@context\":\"https:\/\/schema.org\",\"@graph\":[{\"@type\":\"WebPage\",\"@id\":\"https:\/\/www.fahrschule-am-sonnfeld.de\/?page_id=299\",\"url\":\"https:\/\/www.fahrschule-am-sonnfeld.de\/?page_id=299\",\"name\":\"Preise - Fahrschule Am Sonnfeld\",\"isPartOf\":{\"@id\":\"https:\/\/www.fahrschule-am-sonnfeld.de\/#website\"},\"datePublished\":\"2019-06-02T05:59:31+00:00\",\"dateModified\":\"2024-01-30T16:57:06+00:00\",\"breadcrumb\":{\"@id\":\"https:\/\/www.fahrschule-am-sonnfeld.de\/?page_id=299#breadcrumb\"},\"inLanguage\":\"de\",\"potentialAction\":[{\"@type\":\"ReadAction\",\"target\":[\"https:\/\/www.fahrschule-am-sonnfeld.de\/?page_id=299\"]}]},{\"@type\":\"BreadcrumbList\",\"@id\":\"https:\/\/www.fahrschule-am-sonnfeld.de\/?page_id=299#breadcrumb\",\"itemListElement\":[{\"@type\":\"ListItem\",\"position\":1,\"name\":\"Startseite\",\"item\":\"https:\/\/www.fahrschule-am-sonnfeld.de\/\"},{\"@type\":\"ListItem\",\"position\":2,\"name\":\"Preise\"}]},{\"@type\":\"WebSite\",\"@id\":\"https:\/\/www.fahrschule-am-sonnfeld.de\/#website\",\"url\":\"https:\/\/www.fahrschule-am-sonnfeld.de\/\",\"name\":\"Fahrschule Am Sonnfeld\",\"description\":\"\",\"potentialAction\":[{\"@type\":\"SearchAction\",\"target\":{\"@type\":\"EntryPoint\",\"urlTemplate\":\"https:\/\/www.fahrschule-am-sonnfeld.de\/?s={search_term_string}\"},\"query-input\":{\"@type\":\"PropertyValueSpecification\",\"valueRequired\":true,\"valueName\":\"search_term_string\"}}],\"inLanguage\":\"de\"}]}<\/script>\n<!-- \/ Yoast SEO plugin. -->","yoast_head_json":{"title":"Preise - Fahrschule Am Sonnfeld","robots":{"index":"index","follow":"follow","max-snippet":"max-snippet:-1","max-image-preview":"max-image-preview:large","max-video-preview":"max-video-preview:-1"},"canonical":"https:\/\/www.fahrschule-am-sonnfeld.de\/?page_id=299","og_locale":"de_DE","og_type":"article","og_title":"Preise - Fahrschule Am Sonnfeld","og_description":"Grundbetrag Klasse L 249,00 \u20ac Grundbetrag nach nicht bestandener Theorie Klasse L 0,00 \u20ac Vorstellung Theoriepr\u00fcfung Klasse L 59,00 \u20ac Beh\u00f6rdengeb\u00fchren: Erstantrag F\u00fchrerscheinklasse L 43,90 \u20ac Theoriepr\u00fcfung 24,99 \u20ac","og_url":"https:\/\/www.fahrschule-am-sonnfeld.de\/?page_id=299","og_site_name":"Fahrschule Am Sonnfeld","article_modified_time":"2024-01-30T16:57:06+00:00","twitter_card":"summary_large_image","twitter_misc":{"Gesch\u00e4tzte Lesezeit":"1\u00a0Minute"},"schema":{"@context":"https:\/\/schema.org","@graph":[{"@type":"WebPage","@id":"https:\/\/www.fahrschule-am-sonnfeld.de\/?page_id=299","url":"https:\/\/www.fahrschule-am-sonnfeld.de\/?page_id=299","name":"Preise - Fahrschule Am Sonnfeld","isPartOf":{"@id":"https:\/\/www.fahrschule-am-sonnfeld.de\/#website"},"datePublished":"2019-06-02T05:59:31+00:00","dateModified":"2024-01-30T16:57:06+00:00","breadcrumb":{"@id":"https:\/\/www.fahrschule-am-sonnfeld.de\/?page_id=299#breadcrumb"},"inLanguage":"de","potentialAction":[{"@type":"ReadAction","target":["https:\/\/www.fahrschule-am-sonnfeld.de\/?page_id=299"]}]},{"@type":"BreadcrumbList","@id":"https:\/\/www.fahrschule-am-sonnfeld.de\/?page_id=299#breadcrumb","itemListElement":[{"@type":"ListItem","position":1,"name":"Startseite","item":"https:\/\/www.fahrschule-am-sonnfeld.de\/"},{"@type":"ListItem","position":2,"name":"Preise"}]},{"@type":"WebSite","@id":"https:\/\/www.fahrschule-am-sonnfeld.de\/#website","url":"https:\/\/www.fahrschule-am-sonnfeld.de\/","name":"Fahrschule Am Sonnfeld","description":"","potentialAction":[{"@type":"SearchAction","target":{"@type":"EntryPoint","urlTemplate":"https:\/\/www.fahrschule-am-sonnfeld.de\/?s={search_term_string}"},"query-input":{"@type":"PropertyValueSpecification","valueRequired":true,"valueName":"search_term_string"}}],"inLanguage":"de"}]}},"_links":{"self":[{"href":"https:\/\/www.fahrschule-am-sonnfeld.de\/index.php?rest_route=\/wp\/v2\/pages\/299","targetHints":{"allow":["GET"]}}],"collection":[{"href":"https:\/\/www.fahrschule-am-sonnfeld.de\/index.php?rest_route=\/wp\/v2\/pages"}],"about":[{"href":"https:\/\/www.fahrschule-am-sonnfeld.de\/index.php?rest_route=\/wp\/v2\/types\/page"}],"author":[{"embeddable":true,"href":"https:\/\/www.fahrschule-am-sonnfeld.de\/index.php?rest_route=\/wp\/v2\/users\/1"}],"replies":[{"embeddable":true,"href":"https:\/\/www.fahrschule-am-sonnfeld.de\/index.php?rest_route=%2Fwp%2Fv2%2Fcomments&post=299"}],"version-history":[{"count":7,"href":"https:\/\/www.fahrschule-am-sonnfeld.de\/index.php?rest_route=\/wp\/v2\/pages\/299\/revisions"}],"predecessor-version":[{"id":1546,"href":"https:\/\/www.fahrschule-am-sonnfeld.de\/index.php?rest_route=\/wp\/v2\/pages\/299\/revisions\/1546"}],"wp:attachment":[{"href":"https:\/\/www.fahrschule-am-sonnfeld.de\/index.php?rest_route=%2Fwp%2Fv2%2Fmedia&parent=299"}],"curies":[{"name":"wp","href":"https:\/\/api.w.org\/{rel}","templated":true}]}}