{"id":178,"date":"2019-05-30T09:51:42","date_gmt":"2019-05-30T07:51:42","guid":{"rendered":"http:\/\/dev.fahrschule-am-sonnfeld.de\/neu\/?page_id=178"},"modified":"2019-06-02T07:21:23","modified_gmt":"2019-06-02T05:21:23","slug":"begleitetes-fahren-mit-17","status":"publish","type":"page","link":"https:\/\/www.fahrschule-am-sonnfeld.de\/?page_id=178","title":{"rendered":"Begleitetes Fahren mit 17"},"content":{"rendered":"\n<ul class=\"wp-block-list\"><li>Antrag ab 16 \u00bd <\/li><li>theoretische Pr\u00fcfung fr\u00fchestens 3 Monate vor dem 17. Geburtstag, praktische Pr\u00fcfung fr\u00fchestens 1 Monat vor dem 17. Geburtstag<\/li><li>nach bestandener Pr\u00fcfung erh\u00e4lst du eine Pr\u00fcfbescheinigung, mit der auch die zweij\u00e4hrige Probezeit beginnt<\/li><li>gefahren werden darf nur mit Begleitperson und nur in Deutschland und in \u00d6sterreich bis zum 18. Geburtstag<\/li><li>m\u00f6glich f\u00fcr die Klassen B oder BE, automatisch eingeschlossen sind die Klassen AM und L<\/li><li>Beantragung der Fahrerlaubnis zum 18. Geburtstag und dann erh\u00e4lst du den Kartenf\u00fchrerschein<\/li><\/ul>\n\n\n\n<p><strong>Voraussetzungen der Begleitperson:<\/strong><\/p>\n\n\n\n<ul class=\"wp-block-list\"><li>Die Person muss 30 Jahre oder \u00e4lter sein.<\/li><li>Sie ist seit mindestens 5 Jahren im Besitz einer Fahrerlaubnis (mindestens F\u00fchrerscheinklasse B).<\/li><li>Sie hat nicht mehr als einen Punkt in Flensburg.<\/li><\/ul>\n","protected":false},"excerpt":{"rendered":"<p>Antrag ab 16 \u00bd theoretische Pr\u00fcfung fr\u00fchestens 3 Monate vor dem 17. Geburtstag, praktische Pr\u00fcfung fr\u00fchestens 1 Monat vor dem 17. Geburtstag nach bestandener Pr\u00fcfung erh\u00e4lst du eine Pr\u00fcfbescheinigung, mit der auch die zweij\u00e4hrige Probezeit beginnt gefahren werden darf nur mit Begleitperson und nur in Deutschland und in \u00d6sterreich bis zum 18. Geburtstag m\u00f6glich f\u00fcr [&hellip;]<\/p>\n","protected":false},"author":1,"featured_media":0,"parent":0,"menu_order":0,"comment_status":"closed","ping_status":"closed","template":"","meta":{"footnotes":""},"class_list":["post-178","page","type-page","status-publish","hentry"],"yoast_head":"<!-- This site is optimized with the Yoast SEO plugin v27.2 - https:\/\/yoast.com\/product\/yoast-seo-wordpress\/ -->\n<title>Begleitetes Fahren mit 17 - Fahrschule Am Sonnfeld<\/title>\n<meta name=\"robots\" content=\"index, follow, max-snippet:-1, max-image-preview:large, max-video-preview:-1\" \/>\n<link rel=\"canonical\" href=\"https:\/\/www.fahrschule-am-sonnfeld.de\/?page_id=178\" \/>\n<meta property=\"og:locale\" content=\"de_DE\" \/>\n<meta property=\"og:type\" content=\"article\" \/>\n<meta property=\"og:title\" content=\"Begleitetes Fahren mit 17 - Fahrschule Am Sonnfeld\" \/>\n<meta property=\"og:description\" content=\"Antrag ab 16 \u00bd theoretische Pr\u00fcfung fr\u00fchestens 3 Monate vor dem 17. Geburtstag, praktische Pr\u00fcfung fr\u00fchestens 1 Monat vor dem 17. Geburtstag nach bestandener Pr\u00fcfung erh\u00e4lst du eine Pr\u00fcfbescheinigung, mit der auch die zweij\u00e4hrige Probezeit beginnt gefahren werden darf nur mit Begleitperson und nur in Deutschland und in \u00d6sterreich bis zum 18. Geburtstag m\u00f6glich f\u00fcr [&hellip;]\" \/>\n<meta property=\"og:url\" content=\"https:\/\/www.fahrschule-am-sonnfeld.de\/?page_id=178\" \/>\n<meta property=\"og:site_name\" content=\"Fahrschule Am Sonnfeld\" \/>\n<meta property=\"article:modified_time\" content=\"2019-06-02T05:21:23+00:00\" \/>\n<meta name=\"twitter:card\" content=\"summary_large_image\" \/>\n<meta name=\"twitter:label1\" content=\"Gesch\u00e4tzte Lesezeit\" \/>\n\t<meta name=\"twitter:data1\" content=\"1\u00a0Minute\" \/>\n<script type=\"application\/ld+json\" class=\"yoast-schema-graph\">{\"@context\":\"https:\/\/schema.org\",\"@graph\":[{\"@type\":\"WebPage\",\"@id\":\"https:\/\/www.fahrschule-am-sonnfeld.de\/?page_id=178\",\"url\":\"https:\/\/www.fahrschule-am-sonnfeld.de\/?page_id=178\",\"name\":\"Begleitetes Fahren mit 17 - Fahrschule Am Sonnfeld\",\"isPartOf\":{\"@id\":\"https:\/\/www.fahrschule-am-sonnfeld.de\/#website\"},\"datePublished\":\"2019-05-30T07:51:42+00:00\",\"dateModified\":\"2019-06-02T05:21:23+00:00\",\"breadcrumb\":{\"@id\":\"https:\/\/www.fahrschule-am-sonnfeld.de\/?page_id=178#breadcrumb\"},\"inLanguage\":\"de\",\"potentialAction\":[{\"@type\":\"ReadAction\",\"target\":[\"https:\/\/www.fahrschule-am-sonnfeld.de\/?page_id=178\"]}]},{\"@type\":\"BreadcrumbList\",\"@id\":\"https:\/\/www.fahrschule-am-sonnfeld.de\/?page_id=178#breadcrumb\",\"itemListElement\":[{\"@type\":\"ListItem\",\"position\":1,\"name\":\"Startseite\",\"item\":\"https:\/\/www.fahrschule-am-sonnfeld.de\/\"},{\"@type\":\"ListItem\",\"position\":2,\"name\":\"Begleitetes Fahren mit 17\"}]},{\"@type\":\"WebSite\",\"@id\":\"https:\/\/www.fahrschule-am-sonnfeld.de\/#website\",\"url\":\"https:\/\/www.fahrschule-am-sonnfeld.de\/\",\"name\":\"Fahrschule Am Sonnfeld\",\"description\":\"\",\"potentialAction\":[{\"@type\":\"SearchAction\",\"target\":{\"@type\":\"EntryPoint\",\"urlTemplate\":\"https:\/\/www.fahrschule-am-sonnfeld.de\/?s={search_term_string}\"},\"query-input\":{\"@type\":\"PropertyValueSpecification\",\"valueRequired\":true,\"valueName\":\"search_term_string\"}}],\"inLanguage\":\"de\"}]}<\/script>\n<!-- \/ Yoast SEO plugin. -->","yoast_head_json":{"title":"Begleitetes Fahren mit 17 - Fahrschule Am Sonnfeld","robots":{"index":"index","follow":"follow","max-snippet":"max-snippet:-1","max-image-preview":"max-image-preview:large","max-video-preview":"max-video-preview:-1"},"canonical":"https:\/\/www.fahrschule-am-sonnfeld.de\/?page_id=178","og_locale":"de_DE","og_type":"article","og_title":"Begleitetes Fahren mit 17 - Fahrschule Am Sonnfeld","og_description":"Antrag ab 16 \u00bd theoretische Pr\u00fcfung fr\u00fchestens 3 Monate vor dem 17. Geburtstag, praktische Pr\u00fcfung fr\u00fchestens 1 Monat vor dem 17. Geburtstag nach bestandener Pr\u00fcfung erh\u00e4lst du eine Pr\u00fcfbescheinigung, mit der auch die zweij\u00e4hrige Probezeit beginnt gefahren werden darf nur mit Begleitperson und nur in Deutschland und in \u00d6sterreich bis zum 18. Geburtstag m\u00f6glich f\u00fcr [&hellip;]","og_url":"https:\/\/www.fahrschule-am-sonnfeld.de\/?page_id=178","og_site_name":"Fahrschule Am Sonnfeld","article_modified_time":"2019-06-02T05:21:23+00:00","twitter_card":"summary_large_image","twitter_misc":{"Gesch\u00e4tzte Lesezeit":"1\u00a0Minute"},"schema":{"@context":"https:\/\/schema.org","@graph":[{"@type":"WebPage","@id":"https:\/\/www.fahrschule-am-sonnfeld.de\/?page_id=178","url":"https:\/\/www.fahrschule-am-sonnfeld.de\/?page_id=178","name":"Begleitetes Fahren mit 17 - Fahrschule Am Sonnfeld","isPartOf":{"@id":"https:\/\/www.fahrschule-am-sonnfeld.de\/#website"},"datePublished":"2019-05-30T07:51:42+00:00","dateModified":"2019-06-02T05:21:23+00:00","breadcrumb":{"@id":"https:\/\/www.fahrschule-am-sonnfeld.de\/?page_id=178#breadcrumb"},"inLanguage":"de","potentialAction":[{"@type":"ReadAction","target":["https:\/\/www.fahrschule-am-sonnfeld.de\/?page_id=178"]}]},{"@type":"BreadcrumbList","@id":"https:\/\/www.fahrschule-am-sonnfeld.de\/?page_id=178#breadcrumb","itemListElement":[{"@type":"ListItem","position":1,"name":"Startseite","item":"https:\/\/www.fahrschule-am-sonnfeld.de\/"},{"@type":"ListItem","position":2,"name":"Begleitetes Fahren mit 17"}]},{"@type":"WebSite","@id":"https:\/\/www.fahrschule-am-sonnfeld.de\/#website","url":"https:\/\/www.fahrschule-am-sonnfeld.de\/","name":"Fahrschule Am Sonnfeld","description":"","potentialAction":[{"@type":"SearchAction","target":{"@type":"EntryPoint","urlTemplate":"https:\/\/www.fahrschule-am-sonnfeld.de\/?s={search_term_string}"},"query-input":{"@type":"PropertyValueSpecification","valueRequired":true,"valueName":"search_term_string"}}],"inLanguage":"de"}]}},"_links":{"self":[{"href":"https:\/\/www.fahrschule-am-sonnfeld.de\/index.php?rest_route=\/wp\/v2\/pages\/178","targetHints":{"allow":["GET"]}}],"collection":[{"href":"https:\/\/www.fahrschule-am-sonnfeld.de\/index.php?rest_route=\/wp\/v2\/pages"}],"about":[{"href":"https:\/\/www.fahrschule-am-sonnfeld.de\/index.php?rest_route=\/wp\/v2\/types\/page"}],"author":[{"embeddable":true,"href":"https:\/\/www.fahrschule-am-sonnfeld.de\/index.php?rest_route=\/wp\/v2\/users\/1"}],"replies":[{"embeddable":true,"href":"https:\/\/www.fahrschule-am-sonnfeld.de\/index.php?rest_route=%2Fwp%2Fv2%2Fcomments&post=178"}],"version-history":[{"count":3,"href":"https:\/\/www.fahrschule-am-sonnfeld.de\/index.php?rest_route=\/wp\/v2\/pages\/178\/revisions"}],"predecessor-version":[{"id":283,"href":"https:\/\/www.fahrschule-am-sonnfeld.de\/index.php?rest_route=\/wp\/v2\/pages\/178\/revisions\/283"}],"wp:attachment":[{"href":"https:\/\/www.fahrschule-am-sonnfeld.de\/index.php?rest_route=%2Fwp%2Fv2%2Fmedia&parent=178"}],"curies":[{"name":"wp","href":"https:\/\/api.w.org\/{rel}","templated":true}]}}