{"id":1318,"date":"2022-02-05T12:30:13","date_gmt":"2022-02-05T11:30:13","guid":{"rendered":"https:\/\/www.fahrschule-am-sonnfeld.de\/?page_id=1318"},"modified":"2022-02-25T17:30:51","modified_gmt":"2022-02-25T16:30:51","slug":"jobs","status":"publish","type":"page","link":"https:\/\/www.fahrschule-am-sonnfeld.de\/?page_id=1318","title":{"rendered":"Jobs"},"content":{"rendered":"\n<p class=\"has-text-align-center has-large-font-size\"><mark style=\"background-color:rgba(0, 0, 0, 0);color:#4a8578\" class=\"has-inline-color\"><strong>Fahrlehrer\/in in Vollzeit oder Teilzeit FS-Klassen B\/BE und A gesucht<\/strong><\/mark><\/p>\n\n\n\n<p><strong>Wir bieten:<\/strong><\/p>\n\n\n\n<ul class=\"wp-block-list\"><li>attraktive Verg\u00fctung<\/li><li>je nach Wunsch 4, 5 oder 6 Tage Woche<\/li><li>selbst\u00e4ndige Terminplanung<\/li><li>freie Zeiteinteilung<\/li><li>Ausbildung auf neuesten Fahrzeugen mit bester Ausstattung<\/li><li>Datenerfassung per Cloud<\/li><li>\u00dcbernahme der Weiterbildungskosten<\/li><li>Weiterbildungsm\u00f6glichkeiten (Fahrlehrerschein der Klasse A, falls noch nicht vorhanden)<\/li><li>angenehmes famili\u00e4res Arbeitsumfeld<\/li><\/ul>\n\n\n\n<div class=\"wp-block-buttons is-layout-flex wp-block-buttons-is-layout-flex\">\n<div class=\"wp-block-button is-style-fill\"><a class=\"wp-block-button__link has-text-color has-background\" href=\"mailto: info@fahrschule-am-sonnfeld.de\" style=\"background-color:#4a8578;color:#ffed00\">Hier bewerben<\/a><\/div>\n<\/div>\n\n\n\n<p><\/p>\n","protected":false},"excerpt":{"rendered":"<p>Fahrlehrer\/in in Vollzeit oder Teilzeit FS-Klassen B\/BE und A gesucht Wir bieten: attraktive Verg\u00fctung je nach Wunsch 4, 5 oder 6 Tage Woche selbst\u00e4ndige Terminplanung freie Zeiteinteilung Ausbildung auf neuesten Fahrzeugen mit bester Ausstattung Datenerfassung per Cloud \u00dcbernahme der Weiterbildungskosten Weiterbildungsm\u00f6glichkeiten (Fahrlehrerschein der Klasse A, falls noch nicht vorhanden) angenehmes famili\u00e4res Arbeitsumfeld<\/p>\n","protected":false},"author":1,"featured_media":0,"parent":0,"menu_order":8,"comment_status":"closed","ping_status":"closed","template":"","meta":{"footnotes":""},"class_list":["post-1318","page","type-page","status-publish","hentry"],"yoast_head":"<!-- This site is optimized with the Yoast SEO plugin v27.2 - https:\/\/yoast.com\/product\/yoast-seo-wordpress\/ -->\n<title>Jobs - Fahrschule Am Sonnfeld<\/title>\n<meta name=\"robots\" content=\"index, follow, max-snippet:-1, max-image-preview:large, max-video-preview:-1\" \/>\n<link rel=\"canonical\" href=\"https:\/\/www.fahrschule-am-sonnfeld.de\/?page_id=1318\" \/>\n<meta property=\"og:locale\" content=\"de_DE\" \/>\n<meta property=\"og:type\" content=\"article\" \/>\n<meta property=\"og:title\" content=\"Jobs - Fahrschule Am Sonnfeld\" \/>\n<meta property=\"og:description\" content=\"Fahrlehrer\/in in Vollzeit oder Teilzeit FS-Klassen B\/BE und A gesucht Wir bieten: attraktive Verg\u00fctung je nach Wunsch 4, 5 oder 6 Tage Woche selbst\u00e4ndige Terminplanung freie Zeiteinteilung Ausbildung auf neuesten Fahrzeugen mit bester Ausstattung Datenerfassung per Cloud \u00dcbernahme der Weiterbildungskosten Weiterbildungsm\u00f6glichkeiten (Fahrlehrerschein der Klasse A, falls noch nicht vorhanden) angenehmes famili\u00e4res Arbeitsumfeld\" \/>\n<meta property=\"og:url\" content=\"https:\/\/www.fahrschule-am-sonnfeld.de\/?page_id=1318\" \/>\n<meta property=\"og:site_name\" content=\"Fahrschule Am Sonnfeld\" \/>\n<meta property=\"article:modified_time\" content=\"2022-02-25T16:30:51+00:00\" \/>\n<meta name=\"twitter:card\" content=\"summary_large_image\" \/>\n<meta name=\"twitter:label1\" content=\"Gesch\u00e4tzte Lesezeit\" \/>\n\t<meta name=\"twitter:data1\" content=\"1\u00a0Minute\" \/>\n<script type=\"application\/ld+json\" class=\"yoast-schema-graph\">{\"@context\":\"https:\/\/schema.org\",\"@graph\":[{\"@type\":\"WebPage\",\"@id\":\"https:\/\/www.fahrschule-am-sonnfeld.de\/?page_id=1318\",\"url\":\"https:\/\/www.fahrschule-am-sonnfeld.de\/?page_id=1318\",\"name\":\"Jobs - Fahrschule Am Sonnfeld\",\"isPartOf\":{\"@id\":\"https:\/\/www.fahrschule-am-sonnfeld.de\/#website\"},\"datePublished\":\"2022-02-05T11:30:13+00:00\",\"dateModified\":\"2022-02-25T16:30:51+00:00\",\"breadcrumb\":{\"@id\":\"https:\/\/www.fahrschule-am-sonnfeld.de\/?page_id=1318#breadcrumb\"},\"inLanguage\":\"de\",\"potentialAction\":[{\"@type\":\"ReadAction\",\"target\":[\"https:\/\/www.fahrschule-am-sonnfeld.de\/?page_id=1318\"]}]},{\"@type\":\"BreadcrumbList\",\"@id\":\"https:\/\/www.fahrschule-am-sonnfeld.de\/?page_id=1318#breadcrumb\",\"itemListElement\":[{\"@type\":\"ListItem\",\"position\":1,\"name\":\"Startseite\",\"item\":\"https:\/\/www.fahrschule-am-sonnfeld.de\/\"},{\"@type\":\"ListItem\",\"position\":2,\"name\":\"Jobs\"}]},{\"@type\":\"WebSite\",\"@id\":\"https:\/\/www.fahrschule-am-sonnfeld.de\/#website\",\"url\":\"https:\/\/www.fahrschule-am-sonnfeld.de\/\",\"name\":\"Fahrschule Am Sonnfeld\",\"description\":\"\",\"potentialAction\":[{\"@type\":\"SearchAction\",\"target\":{\"@type\":\"EntryPoint\",\"urlTemplate\":\"https:\/\/www.fahrschule-am-sonnfeld.de\/?s={search_term_string}\"},\"query-input\":{\"@type\":\"PropertyValueSpecification\",\"valueRequired\":true,\"valueName\":\"search_term_string\"}}],\"inLanguage\":\"de\"}]}<\/script>\n<!-- \/ Yoast SEO plugin. -->","yoast_head_json":{"title":"Jobs - Fahrschule Am Sonnfeld","robots":{"index":"index","follow":"follow","max-snippet":"max-snippet:-1","max-image-preview":"max-image-preview:large","max-video-preview":"max-video-preview:-1"},"canonical":"https:\/\/www.fahrschule-am-sonnfeld.de\/?page_id=1318","og_locale":"de_DE","og_type":"article","og_title":"Jobs - Fahrschule Am Sonnfeld","og_description":"Fahrlehrer\/in in Vollzeit oder Teilzeit FS-Klassen B\/BE und A gesucht Wir bieten: attraktive Verg\u00fctung je nach Wunsch 4, 5 oder 6 Tage Woche selbst\u00e4ndige Terminplanung freie Zeiteinteilung Ausbildung auf neuesten Fahrzeugen mit bester Ausstattung Datenerfassung per Cloud \u00dcbernahme der Weiterbildungskosten Weiterbildungsm\u00f6glichkeiten (Fahrlehrerschein der Klasse A, falls noch nicht vorhanden) angenehmes famili\u00e4res Arbeitsumfeld","og_url":"https:\/\/www.fahrschule-am-sonnfeld.de\/?page_id=1318","og_site_name":"Fahrschule Am Sonnfeld","article_modified_time":"2022-02-25T16:30:51+00:00","twitter_card":"summary_large_image","twitter_misc":{"Gesch\u00e4tzte Lesezeit":"1\u00a0Minute"},"schema":{"@context":"https:\/\/schema.org","@graph":[{"@type":"WebPage","@id":"https:\/\/www.fahrschule-am-sonnfeld.de\/?page_id=1318","url":"https:\/\/www.fahrschule-am-sonnfeld.de\/?page_id=1318","name":"Jobs - Fahrschule Am Sonnfeld","isPartOf":{"@id":"https:\/\/www.fahrschule-am-sonnfeld.de\/#website"},"datePublished":"2022-02-05T11:30:13+00:00","dateModified":"2022-02-25T16:30:51+00:00","breadcrumb":{"@id":"https:\/\/www.fahrschule-am-sonnfeld.de\/?page_id=1318#breadcrumb"},"inLanguage":"de","potentialAction":[{"@type":"ReadAction","target":["https:\/\/www.fahrschule-am-sonnfeld.de\/?page_id=1318"]}]},{"@type":"BreadcrumbList","@id":"https:\/\/www.fahrschule-am-sonnfeld.de\/?page_id=1318#breadcrumb","itemListElement":[{"@type":"ListItem","position":1,"name":"Startseite","item":"https:\/\/www.fahrschule-am-sonnfeld.de\/"},{"@type":"ListItem","position":2,"name":"Jobs"}]},{"@type":"WebSite","@id":"https:\/\/www.fahrschule-am-sonnfeld.de\/#website","url":"https:\/\/www.fahrschule-am-sonnfeld.de\/","name":"Fahrschule Am Sonnfeld","description":"","potentialAction":[{"@type":"SearchAction","target":{"@type":"EntryPoint","urlTemplate":"https:\/\/www.fahrschule-am-sonnfeld.de\/?s={search_term_string}"},"query-input":{"@type":"PropertyValueSpecification","valueRequired":true,"valueName":"search_term_string"}}],"inLanguage":"de"}]}},"_links":{"self":[{"href":"https:\/\/www.fahrschule-am-sonnfeld.de\/index.php?rest_route=\/wp\/v2\/pages\/1318","targetHints":{"allow":["GET"]}}],"collection":[{"href":"https:\/\/www.fahrschule-am-sonnfeld.de\/index.php?rest_route=\/wp\/v2\/pages"}],"about":[{"href":"https:\/\/www.fahrschule-am-sonnfeld.de\/index.php?rest_route=\/wp\/v2\/types\/page"}],"author":[{"embeddable":true,"href":"https:\/\/www.fahrschule-am-sonnfeld.de\/index.php?rest_route=\/wp\/v2\/users\/1"}],"replies":[{"embeddable":true,"href":"https:\/\/www.fahrschule-am-sonnfeld.de\/index.php?rest_route=%2Fwp%2Fv2%2Fcomments&post=1318"}],"version-history":[{"count":9,"href":"https:\/\/www.fahrschule-am-sonnfeld.de\/index.php?rest_route=\/wp\/v2\/pages\/1318\/revisions"}],"predecessor-version":[{"id":1336,"href":"https:\/\/www.fahrschule-am-sonnfeld.de\/index.php?rest_route=\/wp\/v2\/pages\/1318\/revisions\/1336"}],"wp:attachment":[{"href":"https:\/\/www.fahrschule-am-sonnfeld.de\/index.php?rest_route=%2Fwp%2Fv2%2Fmedia&parent=1318"}],"curies":[{"name":"wp","href":"https:\/\/api.w.org\/{rel}","templated":true}]}}