{"id":129,"date":"2019-05-29T23:07:29","date_gmt":"2019-05-29T21:07:29","guid":{"rendered":"http:\/\/dev.fahrschule-am-sonnfeld.de\/neu\/?page_id=129"},"modified":"2019-09-20T14:23:55","modified_gmt":"2019-09-20T12:23:55","slug":"a2","status":"publish","type":"page","link":"https:\/\/www.fahrschule-am-sonnfeld.de\/?page_id=129","title":{"rendered":"Klasse A2"},"content":{"rendered":"\n<p><strong>Kraftr\u00e4der mit<\/strong><\/p>\n\n\n\n<ul class=\"wp-block-list\"><li>Motorleistung von nicht mehr als 35 kW, die nicht von einem Kraftrad mit einer Leistung von \u00fcber 70 kW abgeleitet ist und<\/li><li>Verh\u00e4ltnis der Leistung zum Gewicht max. 0,2 kW\/kg<\/li><\/ul>\n\n\n\n<p>auch mit Beiwagen<\/p>\n\n\n\n<figure class=\"wp-block-image\"><img loading=\"lazy\" decoding=\"async\" width=\"1024\" height=\"682\" src=\"https:\/\/www.fahrschule-am-sonnfeld.de\/wp-content\/uploads\/2019\/09\/A2-HP-1024x682.jpg\" alt=\"\" class=\"wp-image-641\" srcset=\"https:\/\/www.fahrschule-am-sonnfeld.de\/wp-content\/uploads\/2019\/09\/A2-HP-1024x682.jpg 1024w, https:\/\/www.fahrschule-am-sonnfeld.de\/wp-content\/uploads\/2019\/09\/A2-HP-300x200.jpg 300w, https:\/\/www.fahrschule-am-sonnfeld.de\/wp-content\/uploads\/2019\/09\/A2-HP-768x512.jpg 768w, https:\/\/www.fahrschule-am-sonnfeld.de\/wp-content\/uploads\/2019\/09\/A2-HP-272x182.jpg 272w, https:\/\/www.fahrschule-am-sonnfeld.de\/wp-content\/uploads\/2019\/09\/A2-HP.jpg 1732w\" sizes=\"auto, (max-width: 1024px) 100vw, 1024px\" \/><\/figure>\n","protected":false},"excerpt":{"rendered":"<p>Kraftr\u00e4der mit Motorleistung von nicht mehr als 35 kW, die nicht von einem Kraftrad mit einer Leistung von \u00fcber 70 kW abgeleitet ist und Verh\u00e4ltnis der Leistung zum Gewicht max. 0,2 kW\/kg auch mit Beiwagen<\/p>\n","protected":false},"author":1,"featured_media":0,"parent":0,"menu_order":0,"comment_status":"closed","ping_status":"closed","template":"","meta":{"footnotes":""},"class_list":["post-129","page","type-page","status-publish","hentry"],"yoast_head":"<!-- This site is optimized with the Yoast SEO plugin v27.2 - https:\/\/yoast.com\/product\/yoast-seo-wordpress\/ -->\n<title>Klasse A2 - Fahrschule Am Sonnfeld<\/title>\n<meta name=\"robots\" content=\"index, follow, max-snippet:-1, max-image-preview:large, max-video-preview:-1\" \/>\n<link rel=\"canonical\" href=\"https:\/\/www.fahrschule-am-sonnfeld.de\/?page_id=129\" \/>\n<meta property=\"og:locale\" content=\"de_DE\" \/>\n<meta property=\"og:type\" content=\"article\" \/>\n<meta property=\"og:title\" content=\"Klasse A2 - Fahrschule Am Sonnfeld\" \/>\n<meta property=\"og:description\" content=\"Kraftr\u00e4der mit Motorleistung von nicht mehr als 35 kW, die nicht von einem Kraftrad mit einer Leistung von \u00fcber 70 kW abgeleitet ist und Verh\u00e4ltnis der Leistung zum Gewicht max. 0,2 kW\/kg auch mit Beiwagen\" \/>\n<meta property=\"og:url\" content=\"https:\/\/www.fahrschule-am-sonnfeld.de\/?page_id=129\" \/>\n<meta property=\"og:site_name\" content=\"Fahrschule Am Sonnfeld\" \/>\n<meta property=\"article:modified_time\" content=\"2019-09-20T12:23:55+00:00\" \/>\n<meta property=\"og:image\" content=\"https:\/\/www.fahrschule-am-sonnfeld.de\/wp-content\/uploads\/2019\/09\/A2-HP-1024x682.jpg\" \/>\n<meta name=\"twitter:card\" content=\"summary_large_image\" \/>\n<script type=\"application\/ld+json\" class=\"yoast-schema-graph\">{\"@context\":\"https:\/\/schema.org\",\"@graph\":[{\"@type\":\"WebPage\",\"@id\":\"https:\/\/www.fahrschule-am-sonnfeld.de\/?page_id=129\",\"url\":\"https:\/\/www.fahrschule-am-sonnfeld.de\/?page_id=129\",\"name\":\"Klasse A2 - Fahrschule Am Sonnfeld\",\"isPartOf\":{\"@id\":\"https:\/\/www.fahrschule-am-sonnfeld.de\/#website\"},\"primaryImageOfPage\":{\"@id\":\"https:\/\/www.fahrschule-am-sonnfeld.de\/?page_id=129#primaryimage\"},\"image\":{\"@id\":\"https:\/\/www.fahrschule-am-sonnfeld.de\/?page_id=129#primaryimage\"},\"thumbnailUrl\":\"https:\/\/www.fahrschule-am-sonnfeld.de\/wp-content\/uploads\/2019\/09\/A2-HP-1024x682.jpg\",\"datePublished\":\"2019-05-29T21:07:29+00:00\",\"dateModified\":\"2019-09-20T12:23:55+00:00\",\"breadcrumb\":{\"@id\":\"https:\/\/www.fahrschule-am-sonnfeld.de\/?page_id=129#breadcrumb\"},\"inLanguage\":\"de\",\"potentialAction\":[{\"@type\":\"ReadAction\",\"target\":[\"https:\/\/www.fahrschule-am-sonnfeld.de\/?page_id=129\"]}]},{\"@type\":\"ImageObject\",\"inLanguage\":\"de\",\"@id\":\"https:\/\/www.fahrschule-am-sonnfeld.de\/?page_id=129#primaryimage\",\"url\":\"https:\/\/www.fahrschule-am-sonnfeld.de\/wp-content\/uploads\/2019\/09\/A2-HP.jpg\",\"contentUrl\":\"https:\/\/www.fahrschule-am-sonnfeld.de\/wp-content\/uploads\/2019\/09\/A2-HP.jpg\",\"width\":1732,\"height\":1154},{\"@type\":\"BreadcrumbList\",\"@id\":\"https:\/\/www.fahrschule-am-sonnfeld.de\/?page_id=129#breadcrumb\",\"itemListElement\":[{\"@type\":\"ListItem\",\"position\":1,\"name\":\"Startseite\",\"item\":\"https:\/\/www.fahrschule-am-sonnfeld.de\/\"},{\"@type\":\"ListItem\",\"position\":2,\"name\":\"Klasse A2\"}]},{\"@type\":\"WebSite\",\"@id\":\"https:\/\/www.fahrschule-am-sonnfeld.de\/#website\",\"url\":\"https:\/\/www.fahrschule-am-sonnfeld.de\/\",\"name\":\"Fahrschule Am Sonnfeld\",\"description\":\"\",\"potentialAction\":[{\"@type\":\"SearchAction\",\"target\":{\"@type\":\"EntryPoint\",\"urlTemplate\":\"https:\/\/www.fahrschule-am-sonnfeld.de\/?s={search_term_string}\"},\"query-input\":{\"@type\":\"PropertyValueSpecification\",\"valueRequired\":true,\"valueName\":\"search_term_string\"}}],\"inLanguage\":\"de\"}]}<\/script>\n<!-- \/ Yoast SEO plugin. -->","yoast_head_json":{"title":"Klasse A2 - Fahrschule Am Sonnfeld","robots":{"index":"index","follow":"follow","max-snippet":"max-snippet:-1","max-image-preview":"max-image-preview:large","max-video-preview":"max-video-preview:-1"},"canonical":"https:\/\/www.fahrschule-am-sonnfeld.de\/?page_id=129","og_locale":"de_DE","og_type":"article","og_title":"Klasse A2 - Fahrschule Am Sonnfeld","og_description":"Kraftr\u00e4der mit Motorleistung von nicht mehr als 35 kW, die nicht von einem Kraftrad mit einer Leistung von \u00fcber 70 kW abgeleitet ist und Verh\u00e4ltnis der Leistung zum Gewicht max. 0,2 kW\/kg auch mit Beiwagen","og_url":"https:\/\/www.fahrschule-am-sonnfeld.de\/?page_id=129","og_site_name":"Fahrschule Am Sonnfeld","article_modified_time":"2019-09-20T12:23:55+00:00","og_image":[{"url":"https:\/\/www.fahrschule-am-sonnfeld.de\/wp-content\/uploads\/2019\/09\/A2-HP-1024x682.jpg","type":"","width":"","height":""}],"twitter_card":"summary_large_image","schema":{"@context":"https:\/\/schema.org","@graph":[{"@type":"WebPage","@id":"https:\/\/www.fahrschule-am-sonnfeld.de\/?page_id=129","url":"https:\/\/www.fahrschule-am-sonnfeld.de\/?page_id=129","name":"Klasse A2 - Fahrschule Am Sonnfeld","isPartOf":{"@id":"https:\/\/www.fahrschule-am-sonnfeld.de\/#website"},"primaryImageOfPage":{"@id":"https:\/\/www.fahrschule-am-sonnfeld.de\/?page_id=129#primaryimage"},"image":{"@id":"https:\/\/www.fahrschule-am-sonnfeld.de\/?page_id=129#primaryimage"},"thumbnailUrl":"https:\/\/www.fahrschule-am-sonnfeld.de\/wp-content\/uploads\/2019\/09\/A2-HP-1024x682.jpg","datePublished":"2019-05-29T21:07:29+00:00","dateModified":"2019-09-20T12:23:55+00:00","breadcrumb":{"@id":"https:\/\/www.fahrschule-am-sonnfeld.de\/?page_id=129#breadcrumb"},"inLanguage":"de","potentialAction":[{"@type":"ReadAction","target":["https:\/\/www.fahrschule-am-sonnfeld.de\/?page_id=129"]}]},{"@type":"ImageObject","inLanguage":"de","@id":"https:\/\/www.fahrschule-am-sonnfeld.de\/?page_id=129#primaryimage","url":"https:\/\/www.fahrschule-am-sonnfeld.de\/wp-content\/uploads\/2019\/09\/A2-HP.jpg","contentUrl":"https:\/\/www.fahrschule-am-sonnfeld.de\/wp-content\/uploads\/2019\/09\/A2-HP.jpg","width":1732,"height":1154},{"@type":"BreadcrumbList","@id":"https:\/\/www.fahrschule-am-sonnfeld.de\/?page_id=129#breadcrumb","itemListElement":[{"@type":"ListItem","position":1,"name":"Startseite","item":"https:\/\/www.fahrschule-am-sonnfeld.de\/"},{"@type":"ListItem","position":2,"name":"Klasse A2"}]},{"@type":"WebSite","@id":"https:\/\/www.fahrschule-am-sonnfeld.de\/#website","url":"https:\/\/www.fahrschule-am-sonnfeld.de\/","name":"Fahrschule Am Sonnfeld","description":"","potentialAction":[{"@type":"SearchAction","target":{"@type":"EntryPoint","urlTemplate":"https:\/\/www.fahrschule-am-sonnfeld.de\/?s={search_term_string}"},"query-input":{"@type":"PropertyValueSpecification","valueRequired":true,"valueName":"search_term_string"}}],"inLanguage":"de"}]}},"_links":{"self":[{"href":"https:\/\/www.fahrschule-am-sonnfeld.de\/index.php?rest_route=\/wp\/v2\/pages\/129","targetHints":{"allow":["GET"]}}],"collection":[{"href":"https:\/\/www.fahrschule-am-sonnfeld.de\/index.php?rest_route=\/wp\/v2\/pages"}],"about":[{"href":"https:\/\/www.fahrschule-am-sonnfeld.de\/index.php?rest_route=\/wp\/v2\/types\/page"}],"author":[{"embeddable":true,"href":"https:\/\/www.fahrschule-am-sonnfeld.de\/index.php?rest_route=\/wp\/v2\/users\/1"}],"replies":[{"embeddable":true,"href":"https:\/\/www.fahrschule-am-sonnfeld.de\/index.php?rest_route=%2Fwp%2Fv2%2Fcomments&post=129"}],"version-history":[{"count":3,"href":"https:\/\/www.fahrschule-am-sonnfeld.de\/index.php?rest_route=\/wp\/v2\/pages\/129\/revisions"}],"predecessor-version":[{"id":643,"href":"https:\/\/www.fahrschule-am-sonnfeld.de\/index.php?rest_route=\/wp\/v2\/pages\/129\/revisions\/643"}],"wp:attachment":[{"href":"https:\/\/www.fahrschule-am-sonnfeld.de\/index.php?rest_route=%2Fwp%2Fv2%2Fmedia&parent=129"}],"curies":[{"name":"wp","href":"https:\/\/api.w.org\/{rel}","templated":true}]}}