{"id":125,"date":"2019-05-29T23:07:02","date_gmt":"2019-05-29T21:07:02","guid":{"rendered":"http:\/\/dev.fahrschule-am-sonnfeld.de\/neu\/?page_id=125"},"modified":"2019-06-04T17:24:54","modified_gmt":"2019-06-04T15:24:54","slug":"am","status":"publish","type":"page","link":"https:\/\/www.fahrschule-am-sonnfeld.de\/?page_id=125","title":{"rendered":"Klasse AM"},"content":{"rendered":"\n<p><strong>Leichte zweir\u00e4drige Kleinkraftr\u00e4der der Klasse L1e-B (Mopeds)<\/strong> mit<\/p>\n\n\n\n<ul class=\"wp-block-list\"><li>bauartbedingter H\u00f6chstgeschwindigkeit bis 45 km\/h und<\/li><li>einem Verbrennungsmotor mit einem Hubraum von nicht mehr als 50 cm\u00b3 und<\/li><li>einer max. Nenndauerleistung im Falle von Elektromotoren oder einer max. Nutzleistung bei anderen Verbrennungsmotoren bis zu 4 kW<\/li><\/ul>\n\n\n\n<p><strong>Dreir\u00e4drige Kleinkraftr\u00e4der Klasse L2e<\/strong> mit<\/p>\n\n\n\n<ul class=\"wp-block-list\"><li>bauartbedingter H\u00f6chstgeschwindigkeit von nicht mehr als 45 km\/h und<\/li><li>Hubraum von nicht mehr als 50 cm\u00b3 (bei Fremdz\u00fcndungsmotoren) oder von nicht mehr als 500 cm\u00b3 (bei Selbstz\u00fcndungsmotoren) und<\/li><li>einer max. Nenndauerleistung im Falle von Elektromotoren oder einer max. Nutzleistung bei anderen Verbrennungsmotoren bis zu 4 kW und<\/li><li>einem Gewicht in fahrbereitem Zustand  \u2264 270 kg und<\/li><li>h\u00f6chstens zwei Sitzpl\u00e4tzen einschlie\u00dflich Fahrersitz<\/li><\/ul>\n\n\n\n<p><strong>Leichte vierr\u00e4drige Leichtkraftfahrzeuge der Klasse L6e<\/strong> mit<\/p>\n\n\n\n<ul class=\"wp-block-list\"><li>bauartbedingter H\u00f6chstgeschwindigkeit von nicht mehr als 45 km\/h und<\/li><li> Hubraum von nicht mehr als 50 cm\u00b3 (bei Fremdz\u00fcndungsmotoren) oder von nicht mehr als 500 cm\u00b3 (bei Selbstz\u00fcndungsmotoren) und<\/li><li>einer max. Nenndauerleistung im Falle von Elektromotoren oder einer max. Nutzleistung bei anderen Verbrennungsmotoren bis zu 4 kW und <\/li><li>einem Gewicht in fahrbereitem Zustand &lt;425 kg und<\/li><li>h\u00f6chstens zwei Sitzpl\u00e4tzen einschlie\u00dflich Fahrersitz<\/li><\/ul>\n","protected":false},"excerpt":{"rendered":"<p>Leichte zweir\u00e4drige Kleinkraftr\u00e4der der Klasse L1e-B (Mopeds) mit bauartbedingter H\u00f6chstgeschwindigkeit bis 45 km\/h und einem Verbrennungsmotor mit einem Hubraum von nicht mehr als 50 cm\u00b3 und einer max. Nenndauerleistung im Falle von Elektromotoren oder einer max. Nutzleistung bei anderen Verbrennungsmotoren bis zu 4 kW Dreir\u00e4drige Kleinkraftr\u00e4der Klasse L2e mit bauartbedingter H\u00f6chstgeschwindigkeit von nicht mehr als [&hellip;]<\/p>\n","protected":false},"author":1,"featured_media":0,"parent":0,"menu_order":0,"comment_status":"closed","ping_status":"closed","template":"","meta":{"footnotes":""},"class_list":["post-125","page","type-page","status-publish","hentry"],"yoast_head":"<!-- This site is optimized with the Yoast SEO plugin v27.2 - https:\/\/yoast.com\/product\/yoast-seo-wordpress\/ -->\n<title>Klasse AM - Fahrschule Am Sonnfeld<\/title>\n<meta name=\"robots\" content=\"index, follow, max-snippet:-1, max-image-preview:large, max-video-preview:-1\" \/>\n<link rel=\"canonical\" href=\"https:\/\/www.fahrschule-am-sonnfeld.de\/?page_id=125\" \/>\n<meta property=\"og:locale\" content=\"de_DE\" \/>\n<meta property=\"og:type\" content=\"article\" \/>\n<meta property=\"og:title\" content=\"Klasse AM - Fahrschule Am Sonnfeld\" \/>\n<meta property=\"og:description\" content=\"Leichte zweir\u00e4drige Kleinkraftr\u00e4der der Klasse L1e-B (Mopeds) mit bauartbedingter H\u00f6chstgeschwindigkeit bis 45 km\/h und einem Verbrennungsmotor mit einem Hubraum von nicht mehr als 50 cm\u00b3 und einer max. Nenndauerleistung im Falle von Elektromotoren oder einer max. Nutzleistung bei anderen Verbrennungsmotoren bis zu 4 kW Dreir\u00e4drige Kleinkraftr\u00e4der Klasse L2e mit bauartbedingter H\u00f6chstgeschwindigkeit von nicht mehr als [&hellip;]\" \/>\n<meta property=\"og:url\" content=\"https:\/\/www.fahrschule-am-sonnfeld.de\/?page_id=125\" \/>\n<meta property=\"og:site_name\" content=\"Fahrschule Am Sonnfeld\" \/>\n<meta property=\"article:modified_time\" content=\"2019-06-04T15:24:54+00:00\" \/>\n<meta name=\"twitter:card\" content=\"summary_large_image\" \/>\n<meta name=\"twitter:label1\" content=\"Gesch\u00e4tzte Lesezeit\" \/>\n\t<meta name=\"twitter:data1\" content=\"1\u00a0Minute\" \/>\n<script type=\"application\/ld+json\" class=\"yoast-schema-graph\">{\"@context\":\"https:\/\/schema.org\",\"@graph\":[{\"@type\":\"WebPage\",\"@id\":\"https:\/\/www.fahrschule-am-sonnfeld.de\/?page_id=125\",\"url\":\"https:\/\/www.fahrschule-am-sonnfeld.de\/?page_id=125\",\"name\":\"Klasse AM - Fahrschule Am Sonnfeld\",\"isPartOf\":{\"@id\":\"https:\/\/www.fahrschule-am-sonnfeld.de\/#website\"},\"datePublished\":\"2019-05-29T21:07:02+00:00\",\"dateModified\":\"2019-06-04T15:24:54+00:00\",\"breadcrumb\":{\"@id\":\"https:\/\/www.fahrschule-am-sonnfeld.de\/?page_id=125#breadcrumb\"},\"inLanguage\":\"de\",\"potentialAction\":[{\"@type\":\"ReadAction\",\"target\":[\"https:\/\/www.fahrschule-am-sonnfeld.de\/?page_id=125\"]}]},{\"@type\":\"BreadcrumbList\",\"@id\":\"https:\/\/www.fahrschule-am-sonnfeld.de\/?page_id=125#breadcrumb\",\"itemListElement\":[{\"@type\":\"ListItem\",\"position\":1,\"name\":\"Startseite\",\"item\":\"https:\/\/www.fahrschule-am-sonnfeld.de\/\"},{\"@type\":\"ListItem\",\"position\":2,\"name\":\"Klasse AM\"}]},{\"@type\":\"WebSite\",\"@id\":\"https:\/\/www.fahrschule-am-sonnfeld.de\/#website\",\"url\":\"https:\/\/www.fahrschule-am-sonnfeld.de\/\",\"name\":\"Fahrschule Am Sonnfeld\",\"description\":\"\",\"potentialAction\":[{\"@type\":\"SearchAction\",\"target\":{\"@type\":\"EntryPoint\",\"urlTemplate\":\"https:\/\/www.fahrschule-am-sonnfeld.de\/?s={search_term_string}\"},\"query-input\":{\"@type\":\"PropertyValueSpecification\",\"valueRequired\":true,\"valueName\":\"search_term_string\"}}],\"inLanguage\":\"de\"}]}<\/script>\n<!-- \/ Yoast SEO plugin. -->","yoast_head_json":{"title":"Klasse AM - Fahrschule Am Sonnfeld","robots":{"index":"index","follow":"follow","max-snippet":"max-snippet:-1","max-image-preview":"max-image-preview:large","max-video-preview":"max-video-preview:-1"},"canonical":"https:\/\/www.fahrschule-am-sonnfeld.de\/?page_id=125","og_locale":"de_DE","og_type":"article","og_title":"Klasse AM - Fahrschule Am Sonnfeld","og_description":"Leichte zweir\u00e4drige Kleinkraftr\u00e4der der Klasse L1e-B (Mopeds) mit bauartbedingter H\u00f6chstgeschwindigkeit bis 45 km\/h und einem Verbrennungsmotor mit einem Hubraum von nicht mehr als 50 cm\u00b3 und einer max. Nenndauerleistung im Falle von Elektromotoren oder einer max. Nutzleistung bei anderen Verbrennungsmotoren bis zu 4 kW Dreir\u00e4drige Kleinkraftr\u00e4der Klasse L2e mit bauartbedingter H\u00f6chstgeschwindigkeit von nicht mehr als [&hellip;]","og_url":"https:\/\/www.fahrschule-am-sonnfeld.de\/?page_id=125","og_site_name":"Fahrschule Am Sonnfeld","article_modified_time":"2019-06-04T15:24:54+00:00","twitter_card":"summary_large_image","twitter_misc":{"Gesch\u00e4tzte Lesezeit":"1\u00a0Minute"},"schema":{"@context":"https:\/\/schema.org","@graph":[{"@type":"WebPage","@id":"https:\/\/www.fahrschule-am-sonnfeld.de\/?page_id=125","url":"https:\/\/www.fahrschule-am-sonnfeld.de\/?page_id=125","name":"Klasse AM - Fahrschule Am Sonnfeld","isPartOf":{"@id":"https:\/\/www.fahrschule-am-sonnfeld.de\/#website"},"datePublished":"2019-05-29T21:07:02+00:00","dateModified":"2019-06-04T15:24:54+00:00","breadcrumb":{"@id":"https:\/\/www.fahrschule-am-sonnfeld.de\/?page_id=125#breadcrumb"},"inLanguage":"de","potentialAction":[{"@type":"ReadAction","target":["https:\/\/www.fahrschule-am-sonnfeld.de\/?page_id=125"]}]},{"@type":"BreadcrumbList","@id":"https:\/\/www.fahrschule-am-sonnfeld.de\/?page_id=125#breadcrumb","itemListElement":[{"@type":"ListItem","position":1,"name":"Startseite","item":"https:\/\/www.fahrschule-am-sonnfeld.de\/"},{"@type":"ListItem","position":2,"name":"Klasse AM"}]},{"@type":"WebSite","@id":"https:\/\/www.fahrschule-am-sonnfeld.de\/#website","url":"https:\/\/www.fahrschule-am-sonnfeld.de\/","name":"Fahrschule Am Sonnfeld","description":"","potentialAction":[{"@type":"SearchAction","target":{"@type":"EntryPoint","urlTemplate":"https:\/\/www.fahrschule-am-sonnfeld.de\/?s={search_term_string}"},"query-input":{"@type":"PropertyValueSpecification","valueRequired":true,"valueName":"search_term_string"}}],"inLanguage":"de"}]}},"_links":{"self":[{"href":"https:\/\/www.fahrschule-am-sonnfeld.de\/index.php?rest_route=\/wp\/v2\/pages\/125","targetHints":{"allow":["GET"]}}],"collection":[{"href":"https:\/\/www.fahrschule-am-sonnfeld.de\/index.php?rest_route=\/wp\/v2\/pages"}],"about":[{"href":"https:\/\/www.fahrschule-am-sonnfeld.de\/index.php?rest_route=\/wp\/v2\/types\/page"}],"author":[{"embeddable":true,"href":"https:\/\/www.fahrschule-am-sonnfeld.de\/index.php?rest_route=\/wp\/v2\/users\/1"}],"replies":[{"embeddable":true,"href":"https:\/\/www.fahrschule-am-sonnfeld.de\/index.php?rest_route=%2Fwp%2Fv2%2Fcomments&post=125"}],"version-history":[{"count":6,"href":"https:\/\/www.fahrschule-am-sonnfeld.de\/index.php?rest_route=\/wp\/v2\/pages\/125\/revisions"}],"predecessor-version":[{"id":338,"href":"https:\/\/www.fahrschule-am-sonnfeld.de\/index.php?rest_route=\/wp\/v2\/pages\/125\/revisions\/338"}],"wp:attachment":[{"href":"https:\/\/www.fahrschule-am-sonnfeld.de\/index.php?rest_route=%2Fwp%2Fv2%2Fmedia&parent=125"}],"curies":[{"name":"wp","href":"https:\/\/api.w.org\/{rel}","templated":true}]}}